{"id":270,"date":"2020-08-28T13:26:14","date_gmt":"2020-08-28T20:26:14","guid":{"rendered":"https:\/\/endoact.ca\/about\/"},"modified":"2021-01-19T18:23:19","modified_gmt":"2021-01-20T02:23:19","slug":"a-propos-de-nous","status":"publish","type":"page","link":"https:\/\/endoact.ca\/fr\/a-propos-de-nous\/","title":{"rendered":"\u00c0 propos de nous"},"content":{"rendered":"<div class=\"wpb-content-wrapper\"><p>[vc_row content_width=\u00a0\u00bbgrid\u00a0\u00bb css=\u00a0\u00bb.vc_custom_1600115754416{padding-top: 60px !important;padding-bottom: 60px !important;}\u00a0\u00bb][vc_column width=\u00a0\u00bb1\/2&Prime; css=\u00a0\u00bb.vc_custom_1600112589917{margin-bottom: 60px !important;}\u00a0\u00bb][vc_column_text]<\/p>\n<h2>Mission<\/h2>\n<p>[\/vc_column_text]<div class=\"edgtf-separator-holder clearfix  edgtf-separator-left\">\n\t<div class=\"edgtf-separator\" style=\"border-color: #ffc600;width: 30px;border-bottom-width: 3px;margin-top: 15px;margin-bottom: 15px\"><\/div>\n<\/div>\n[vc_column_text]EndoAct am\u00e9liore la vie des personnes atteintes d\u2019endom\u00e9triose au Canada en menant une action politique fond\u00e9e sur la science et sur les besoins de la communaut\u00e9 des personnes atteintes d\u2019endom\u00e9triose.[\/vc_column_text][\/vc_column][vc_column width=\u00a0\u00bb1\/2&Prime; css=\u00a0\u00bb.vc_custom_1600112596257{margin-bottom: 60px !important;}\u00a0\u00bb][vc_column_text]<\/p>\n<h2>Vision<\/h2>\n<p>[\/vc_column_text]<div class=\"edgtf-separator-holder clearfix  edgtf-separator-left\">\n\t<div class=\"edgtf-separator\" style=\"border-color: #ffc600;width: 30px;border-bottom-width: 3px;margin-top: 15px;margin-bottom: 15px\"><\/div>\n<\/div>\n[vc_column_text]Nous envisageons un Canada dans lequel toutes les personnes atteintes d\u2019endom\u00e9triose re\u00e7oivent les bons soins, au bon endroit et au bon moment. Notre vision de la r\u00e9ussite est que les personnes atteintes d\u2019endom\u00e9triose puissent s\u2019\u00e9panouir dans la vie, au travail et dans les loisirs.[\/vc_column_text][\/vc_column][vc_column css=\u00a0\u00bb.vc_custom_1600112624710{margin-bottom: 60px !important;}\u00a0\u00bb][vc_row_inner][vc_column_inner][vc_column_text]<\/p>\n<h2>Valeurs<\/h2>\n<p>[\/vc_column_text]<div class=\"edgtf-separator-holder clearfix  edgtf-separator-left\">\n\t<div class=\"edgtf-separator\" style=\"border-color: #ffc600;width: 30px;border-bottom-width: 3px;margin-top: 15px;margin-bottom: 15px\"><\/div>\n<\/div>\n[\/vc_column_inner][vc_column_inner width=\u00a0\u00bb1\/4&Prime;]<div class=\"edgtf-unordered-list  edgtf-square\" >\n<ul>\n<li><strong>Inclusivit\u00e9: <\/strong>Nous nous effor\u00e7ons de partager les exp\u00e9riences de toutes les personnes au Canada qui sont touch\u00e9es par l\u2019endom\u00e9triose, en reconnaissant que chaque cheminement est fa\u00e7onn\u00e9 par des identit\u00e9s comme la race, la sexualit\u00e9, le sexe et les capacit\u00e9s.<\/li>\n<\/ul>\n<\/div>[\/vc_column_inner][vc_column_inner width=\u00a0\u00bb1\/4&Prime;]<div class=\"edgtf-unordered-list  edgtf-square\" >\n<ul>\n<li><strong>\u00c9galit\u00e9: <\/strong>Nous aspirons \u00e0 cr\u00e9er un environnement dans lequel l\u2019expertise de chaque membre de notre groupe &#8211; et en particulier de ceux qui vivent avec l\u2019endom\u00e9triose &#8211; est valoris\u00e9e de mani\u00e8re \u00e9gale.<\/li>\n<\/ul>\n<\/div>[\/vc_column_inner][vc_column_inner width=\u00a0\u00bb1\/4&Prime;]<div class=\"edgtf-unordered-list  edgtf-square\" >\n<ul>\n<li><strong>Partenariat: <\/strong>Nous cherchons \u00e0 \u00e9tablir des collaborations proactives avec tous les niveaux de gouvernement et les autres intervenants investis dans le bien-\u00eatre des personnes atteintes d\u2019endom\u00e9triose au Canada.<\/li>\n<\/ul>\n<\/div>[\/vc_column_inner][vc_column_inner width=\u00a0\u00bb1\/4&Prime;]<div class=\"edgtf-unordered-list  edgtf-square\" >\n<ul>\n<li><strong>Excellence: <\/strong>Nous visons \u00e0 produire des donn\u00e9es probantes de haute qualit\u00e9 qui permettent de trouver des solutions aux probl\u00e8mes qui importent le plus \u00e0 la communaut\u00e9 canadienne de l\u2019endom\u00e9triose.<\/li>\n<\/ul>\n<\/div>[\/vc_column_inner][\/vc_row_inner][\/vc_column][\/vc_row][vc_row content_width=\u00a0\u00bbgrid\u00a0\u00bb css=\u00a0\u00bb.vc_custom_1600188896184{margin-bottom: -30px !important;padding-top: 60px !important;padding-bottom: 60px !important;background-color: rgba(78,195,255,0.11) !important;*background-color: rgb(78,195,255) !important;}\u00a0\u00bb][vc_column offset=\u00a0\u00bbvc_col-lg-offset-2 vc_col-lg-8&Prime;][vc_column_text]<\/p>\n<div>\n<h2 style=\"text-align: center;\"><span lang=\"FR-CA\">Soutiens et partenaires<\/span><\/h2>\n<\/div>\n<p>[\/vc_column_text]<div class=\"edgtf-separator-holder clearfix  edgtf-separator-center\">\n\t<div class=\"edgtf-separator\" style=\"border-color: #ffc600;width: 30px;border-bottom-width: 3px;margin-top: 15px;margin-bottom: 15px\"><\/div>\n<\/div>\n[vc_column_text el_class=\u00a0\u00bbpara-intro\u00a0\u00bb css=\u00a0\u00bb.vc_custom_1603155223812{margin-bottom: 30px !important;}\u00a0\u00bb]<\/p>\n<p style=\"text-align: center;\">Nous sommes reconnaissants \u00e0 ces bailleurs de fonds et partenaires qui rendent notre travail possible.<\/p>\n<p>[\/vc_column_text]<div class=\"edgtf-unordered-list  edgtf-square\" >\n<ul>\n<li><a href=\"https:\/\/endometriosisnetwork.com\/\">The Endometriosis Network Canada<\/a><span lang=\"FR-CA\">\u00a0est le premier et le seul organisme de bienfaisance enregistr\u00e9 au Canada qui se consacre \u00e0 la sensibilisation \u00e0 l\u2019endom\u00e9triose et \u00e0 la fourniture de soutien et de ressources \u00e9ducatives aux personnes atteintes. Le TENC est l\u2019un des fondateurs d\u2019EndoAct Canada et s\u2019est engag\u00e9 \u00e0 construire une communaut\u00e9 inform\u00e9e et compatissante gr\u00e2ce \u00e0 une approche centr\u00e9e sur le patient.<\/span><\/li>\n<li><a href=\"https:\/\/endometriose.quebec\">Endom\u00e9triose Qu\u00e9bec<\/a> est un organisme b\u00e9n\u00e9vole dont la mission est de soutenir les femmes atteintes, de faire conna\u00eetre la maladie, les options de traitements et les pistes de solution vers le mieux-\u00eatre, en plus de sensibiliser la population et d\u2019encourager la recherche sur la maladie.<\/li>\n<li><span lang=\"FR-CA\"><a href=\"https:\/\/www.cansage.org\/\">Societe Canadienne pour la Promotion de l&rsquo;Excellence en Gynecologie <\/a>est une organisation qui promeut et maintient des normes d\u2019excellence \u00e9lev\u00e9es dans le diagnostic et la gestion des conditions gyn\u00e9cologiques complexes, y compris l\u2019endom\u00e9triose. Elle s\u2019engage \u00e0 assurer une \u00e9ducation de qualit\u00e9, \u00e0 fournir un forum national de discussion sur la recherche et \u00e0 promouvoir de meilleures fa\u00e7ons de fournir des soins de qualit\u00e9 aux patients. SCanPEG<\/span>\u00a0est l\u2019un des fondateurs d\u2019EndoAct Canada.<\/li>\n<li><a href=\"https:\/\/communityengagement.ubc.ca\/scholarly-resources\/cues\/?login\">Bureau de l\u2019engagement communautaire de l\u2019universit\u00e9 de la Colombie-Britannique<\/a>\u00a0fournit des fonds aux organisations caritatives pour qu\u2019elles \u00e9tablissent des partenariats et poursuivent des projets communs avec l\u2019UBC. Le CUES soutient EndoAct Canada avec un financement de 2019\/2020 Explore<\/li>\n<li><a href=\"https:\/\/massvelocity.ca\">Mass Velocity<\/a>\u00a0est une agence de communication situ\u00e9e \u00e0 Victoria, en Colombie-Britannique (Canada) et sp\u00e9cialis\u00e9e dans le marketing num\u00e9rique, la conception et le d\u00e9veloppement de sites Web WordPress, la conception et la production d&rsquo;impression, les m\u00e9dias sociaux, le r\u00e9f\u00e9rencement et les solutions SEM. Mass Velocity a \u00e9tabli des partenariats avec des clients locaux, provinciaux et nationaux dans une vari\u00e9t\u00e9 d\u2019industries, du gouvernement du Canada \u00e0 Warner Music Canada.<\/li>\n<\/ul>\n<\/div>[\/vc_column][\/vc_row]<\/p>\n<\/div>","protected":false},"excerpt":{"rendered":"<p>[vc_row content_width=\u00a0\u00bbgrid\u00a0\u00bb css=\u00a0\u00bb.vc_custom_1600115754416{padding-top: 60px !important;padding-bottom: 60px !important;}\u00a0\u00bb][vc_column width=\u00a0\u00bb1\/2&Prime; css=\u00a0\u00bb.vc_custom_1600112589917{margin-bottom: 60px !important;}\u00a0\u00bb][vc_column_text] Mission [\/vc_column_text][vc_column_text]EndoAct am\u00e9liore la vie des personnes atteintes d\u2019endom\u00e9triose au Canada en menant une action politique fond\u00e9e sur la science et sur les besoins de la communaut\u00e9 des personnes atteintes d\u2019endom\u00e9triose.[\/vc_column_text][\/vc_column][vc_column width=\u00a0\u00bb1\/2&Prime; css=\u00a0\u00bb.vc_custom_1600112596257{margin-bottom: 60px&#8230;<\/p>\n","protected":false},"author":1,"featured_media":0,"parent":0,"menu_order":0,"comment_status":"closed","ping_status":"closed","template":"full-width.php","meta":{"footnotes":""},"class_list":["post-270","page","type-page","status-publish","hentry"],"yoast_head":"<!-- This site is optimized with the Yoast SEO plugin v27.4 - https:\/\/yoast.com\/product\/yoast-seo-wordpress\/ -->\n<title>\u00c0 propos de nous - EndoAct<\/title>\n<meta name=\"robots\" content=\"index, follow, max-snippet:-1, max-image-preview:large, max-video-preview:-1\" \/>\n<link rel=\"canonical\" href=\"https:\/\/endoact.ca\/fr\/a-propos-de-nous\/\" \/>\n<meta property=\"og:locale\" content=\"fr_FR\" \/>\n<meta property=\"og:type\" content=\"article\" \/>\n<meta property=\"og:title\" content=\"\u00c0 propos de nous - EndoAct\" \/>\n<meta property=\"og:description\" content=\"[vc_row content_width=\u00a0\u00bbgrid\u00a0\u00bb css=\u00a0\u00bb.vc_custom_1600115754416{padding-top: 60px !important;padding-bottom: 60px !important;}\u00a0\u00bb][vc_column width=\u00a0\u00bb1\/2&Prime; css=\u00a0\u00bb.vc_custom_1600112589917{margin-bottom: 60px !important;}\u00a0\u00bb][vc_column_text] Mission [\/vc_column_text][vc_column_text]EndoAct am\u00e9liore la vie des personnes atteintes d\u2019endom\u00e9triose au Canada en menant une action politique fond\u00e9e sur la science et sur les besoins de la communaut\u00e9 des personnes atteintes d\u2019endom\u00e9triose.[\/vc_column_text][\/vc_column][vc_column width=\u00a0\u00bb1\/2&Prime; css=\u00a0\u00bb.vc_custom_1600112596257{margin-bottom: 60px...\" \/>\n<meta property=\"og:url\" content=\"https:\/\/endoact.ca\/fr\/a-propos-de-nous\/\" \/>\n<meta property=\"og:site_name\" content=\"EndoAct\" \/>\n<meta property=\"article:modified_time\" content=\"2021-01-20T02:23:19+00:00\" \/>\n<meta property=\"og:image\" content=\"https:\/\/endoact.ca\/wp-content\/uploads\/2021\/01\/20025-EndoAct-Instagram-Single_prf01.png\" \/>\n\t<meta property=\"og:image:width\" content=\"1260\" \/>\n\t<meta property=\"og:image:height\" content=\"1260\" \/>\n\t<meta property=\"og:image:type\" content=\"image\/png\" \/>\n<meta name=\"twitter:card\" content=\"summary_large_image\" \/>\n<meta name=\"twitter:label1\" content=\"Dur\u00e9e de lecture estim\u00e9e\" \/>\n\t<meta name=\"twitter:data1\" content=\"4 minutes\" \/>\n<script type=\"application\/ld+json\" class=\"yoast-schema-graph\">{\"@context\":\"https:\\\/\\\/schema.org\",\"@graph\":[{\"@type\":\"WebPage\",\"@id\":\"https:\\\/\\\/endoact.ca\\\/fr\\\/a-propos-de-nous\\\/\",\"url\":\"https:\\\/\\\/endoact.ca\\\/fr\\\/a-propos-de-nous\\\/\",\"name\":\"\u00c0 propos de nous - EndoAct\",\"isPartOf\":{\"@id\":\"https:\\\/\\\/endoact.ca\\\/fr\\\/#website\"},\"datePublished\":\"2020-08-28T20:26:14+00:00\",\"dateModified\":\"2021-01-20T02:23:19+00:00\",\"breadcrumb\":{\"@id\":\"https:\\\/\\\/endoact.ca\\\/fr\\\/a-propos-de-nous\\\/#breadcrumb\"},\"inLanguage\":\"fr-FR\",\"potentialAction\":[{\"@type\":\"ReadAction\",\"target\":[\"https:\\\/\\\/endoact.ca\\\/fr\\\/a-propos-de-nous\\\/\"]}]},{\"@type\":\"BreadcrumbList\",\"@id\":\"https:\\\/\\\/endoact.ca\\\/fr\\\/a-propos-de-nous\\\/#breadcrumb\",\"itemListElement\":[{\"@type\":\"ListItem\",\"position\":1,\"name\":\"Home\",\"item\":\"https:\\\/\\\/endoact.ca\\\/fr\\\/\"},{\"@type\":\"ListItem\",\"position\":2,\"name\":\"\u00c0 propos de nous\"}]},{\"@type\":\"WebSite\",\"@id\":\"https:\\\/\\\/endoact.ca\\\/fr\\\/#website\",\"url\":\"https:\\\/\\\/endoact.ca\\\/fr\\\/\",\"name\":\"EndoAct\",\"description\":\"\",\"potentialAction\":[{\"@type\":\"SearchAction\",\"target\":{\"@type\":\"EntryPoint\",\"urlTemplate\":\"https:\\\/\\\/endoact.ca\\\/fr\\\/?s={search_term_string}\"},\"query-input\":{\"@type\":\"PropertyValueSpecification\",\"valueRequired\":true,\"valueName\":\"search_term_string\"}}],\"inLanguage\":\"fr-FR\"}]}<\/script>\n<!-- \/ Yoast SEO plugin. -->","yoast_head_json":{"title":"\u00c0 propos de nous - EndoAct","robots":{"index":"index","follow":"follow","max-snippet":"max-snippet:-1","max-image-preview":"max-image-preview:large","max-video-preview":"max-video-preview:-1"},"canonical":"https:\/\/endoact.ca\/fr\/a-propos-de-nous\/","og_locale":"fr_FR","og_type":"article","og_title":"\u00c0 propos de nous - EndoAct","og_description":"[vc_row content_width=\u00a0\u00bbgrid\u00a0\u00bb css=\u00a0\u00bb.vc_custom_1600115754416{padding-top: 60px !important;padding-bottom: 60px !important;}\u00a0\u00bb][vc_column width=\u00a0\u00bb1\/2&Prime; css=\u00a0\u00bb.vc_custom_1600112589917{margin-bottom: 60px !important;}\u00a0\u00bb][vc_column_text] Mission [\/vc_column_text][vc_column_text]EndoAct am\u00e9liore la vie des personnes atteintes d\u2019endom\u00e9triose au Canada en menant une action politique fond\u00e9e sur la science et sur les besoins de la communaut\u00e9 des personnes atteintes d\u2019endom\u00e9triose.[\/vc_column_text][\/vc_column][vc_column width=\u00a0\u00bb1\/2&Prime; css=\u00a0\u00bb.vc_custom_1600112596257{margin-bottom: 60px...","og_url":"https:\/\/endoact.ca\/fr\/a-propos-de-nous\/","og_site_name":"EndoAct","article_modified_time":"2021-01-20T02:23:19+00:00","og_image":[{"width":1260,"height":1260,"url":"https:\/\/endoact.ca\/wp-content\/uploads\/2021\/01\/20025-EndoAct-Instagram-Single_prf01.png","type":"image\/png"}],"twitter_card":"summary_large_image","twitter_misc":{"Dur\u00e9e de lecture estim\u00e9e":"4 minutes"},"schema":{"@context":"https:\/\/schema.org","@graph":[{"@type":"WebPage","@id":"https:\/\/endoact.ca\/fr\/a-propos-de-nous\/","url":"https:\/\/endoact.ca\/fr\/a-propos-de-nous\/","name":"\u00c0 propos de nous - EndoAct","isPartOf":{"@id":"https:\/\/endoact.ca\/fr\/#website"},"datePublished":"2020-08-28T20:26:14+00:00","dateModified":"2021-01-20T02:23:19+00:00","breadcrumb":{"@id":"https:\/\/endoact.ca\/fr\/a-propos-de-nous\/#breadcrumb"},"inLanguage":"fr-FR","potentialAction":[{"@type":"ReadAction","target":["https:\/\/endoact.ca\/fr\/a-propos-de-nous\/"]}]},{"@type":"BreadcrumbList","@id":"https:\/\/endoact.ca\/fr\/a-propos-de-nous\/#breadcrumb","itemListElement":[{"@type":"ListItem","position":1,"name":"Home","item":"https:\/\/endoact.ca\/fr\/"},{"@type":"ListItem","position":2,"name":"\u00c0 propos de nous"}]},{"@type":"WebSite","@id":"https:\/\/endoact.ca\/fr\/#website","url":"https:\/\/endoact.ca\/fr\/","name":"EndoAct","description":"","potentialAction":[{"@type":"SearchAction","target":{"@type":"EntryPoint","urlTemplate":"https:\/\/endoact.ca\/fr\/?s={search_term_string}"},"query-input":{"@type":"PropertyValueSpecification","valueRequired":true,"valueName":"search_term_string"}}],"inLanguage":"fr-FR"}]}},"_links":{"self":[{"href":"https:\/\/endoact.ca\/fr\/wp-json\/wp\/v2\/pages\/270","targetHints":{"allow":["GET"]}}],"collection":[{"href":"https:\/\/endoact.ca\/fr\/wp-json\/wp\/v2\/pages"}],"about":[{"href":"https:\/\/endoact.ca\/fr\/wp-json\/wp\/v2\/types\/page"}],"author":[{"embeddable":true,"href":"https:\/\/endoact.ca\/fr\/wp-json\/wp\/v2\/users\/1"}],"replies":[{"embeddable":true,"href":"https:\/\/endoact.ca\/fr\/wp-json\/wp\/v2\/comments?post=270"}],"version-history":[{"count":5,"href":"https:\/\/endoact.ca\/fr\/wp-json\/wp\/v2\/pages\/270\/revisions"}],"predecessor-version":[{"id":1189,"href":"https:\/\/endoact.ca\/fr\/wp-json\/wp\/v2\/pages\/270\/revisions\/1189"}],"wp:attachment":[{"href":"https:\/\/endoact.ca\/fr\/wp-json\/wp\/v2\/media?parent=270"}],"curies":[{"name":"wp","href":"https:\/\/api.w.org\/{rel}","templated":true}]}}