{"id":584,"date":"2020-10-05T12:36:16","date_gmt":"2020-10-05T19:36:16","guid":{"rendered":"https:\/\/endoact.ca\/lead-endoact\/"},"modified":"2021-02-16T05:15:03","modified_gmt":"2021-02-16T13:15:03","slug":"devenez-benevole","status":"publish","type":"page","link":"https:\/\/endoact.ca\/fr\/devenez-benevole\/","title":{"rendered":"Devenez b\u00e9n\u00e9vole"},"content":{"rendered":"<div class=\"wpb-content-wrapper\"><p>[vc_row content_width=\u00a0\u00bbgrid\u00a0\u00bb css=\u00a0\u00bb.vc_custom_1600971056697{padding-top: 60px !important;padding-bottom: 60px !important;}\u00a0\u00bb el_id=\u00a0\u00bblead-endoact\u00a0\u00bb][vc_column width=\u00a0\u00bb1\/2&Prime;][vc_column_text css=\u00a0\u00bb.vc_custom_1611032756618{margin-bottom: 15px !important;padding-bottom: 0px !important;}\u00a0\u00bb]L\u2019une des valeurs fondamentales d\u2019EndoAct est l\u2019inclusion &#8211; nous voulons nous assurer que notre travail est men\u00e9 par des personnes ayant une exp\u00e9rience et une expertise diverses sur cette condition. Nous recrutons 7 \u00a0b\u00e9n\u00e9voles passionn\u00e9s par l&rsquo;endom\u00e9triose qui peuvent participer \u00e0 des \u00a0r\u00e9unions de 90 minutes\u00a0tous les deux mois et fournir des commentaires sur les projets d&rsquo;EndoAct.<\/p>\n<p>Le b\u00e9n\u00e9volat n&rsquo;est qu&rsquo;une des nombreuses fa\u00e7ons de faire partie de la mission EndoAct pour\u00a0am\u00e9liorer la vie des personnes atteintes d\u2019endom\u00e9triose au Canada en menant une action politique fond\u00e9e sur la science et sur les besoins de la communaut\u00e9 des personnes atteintes d\u2019endom\u00e9triose. Vous pouvez \u00e9galement <a href=\"https:\/\/endoact.ca\/fr\/temoignages\/\">partager votre t\u00e9moignage<\/a>, passer le mot sur les m\u00e9dias sociaux en utilisant #EndoActCanada et <a href=\"https:\/\/52eb7c1b.sibforms.com\/serve\/MUIEAD55NTn4ZPbL3wpbRlC5kwQ0EVvpuiN-nDWYUX7a-qhHNfP__RHzdz7oQnvrzlW2vz23Hx1npqtjzw1rHVW5tDz2EmO_tzDtvPKTPrfSF5cfAhfqXwBbdyb7JlqCZ4E0WtuRAS3P3Sb3IQmyaDdkZWf417Sshjgv_SYTq_PN-sdiXdWkvWz_x7z-4qlp0UFs_VVhvEuiAkTv\">vous abonner au bulletin<\/a> pour en savoir plus sur les nouvelles initiatives.<\/p>\n<p>EndoAct recherche activement des b\u00e9n\u00e9voles qui vivent dans chaque province et territoire, et particuli\u00e8rement les regions autres que la Nouvelle-\u00c9cosse, le Qu\u00e9bec et l\u2019Ontario parce que ces provinces sont repr\u00e9sent\u00e9s par au moins un b\u00e9n\u00e9vole actuel.\u00a0EndoAct recherche \u00e9galement activement des b\u00e9n\u00e9voles issus de groupes sous-repr\u00e9sent\u00e9s dans la d\u00e9fense et la recherche sur l\u2019endom\u00e9triose au Canada, Ces groupes incluent les Autochtones, les Noirs, et les personnes de couleur, les personnes LGBTQ2 +, les personnes en situation de handicap, les personnes vivant dans des communaut\u00e9s rurales, isol\u00e9es et nordiques, et les jeunes adults et aidants naturels (e.g. famille, amis). EndoAct recherche des b\u00e9n\u00e9voles potentiels qui ont une exp\u00e9rience de l\u2019endom\u00e9triose et une expertise suppl\u00e9mentaire en mati\u00e8re de communication, de d\u00e9fense des droits, de droit, de finances, d\u2019\u00e9quit\u00e9, de diversit\u00e9 et d\u2019inclusion.<\/p>\n<p>R\u00f4le : Quel que soit leur type d\u2019expertise, les b\u00e9n\u00e9voles d\u2019EndoAct Canada :[\/vc_column_text]<div class=\"edgtf-unordered-list  edgtf-square\" >\n<ul>\n<li>Se passionnent pour l\u2019am\u00e9lioration du bien-\u00eatre des personnes atteintes d\u2019endom\u00e9triose<\/li>\n<li>Peuvent partager leurs r\u00e9flexions et leurs opinions dans le cadre d\u2019un groupe<\/li>\n<li>Respectent les pens\u00e9es et les opinions des autres<\/li>\n<li>Souhaitent travailler avec d\u2019autres personnes dont les ant\u00e9c\u00e9dents, les exp\u00e9riences et les styles peuvent \u00eatre diff\u00e9rents des leurs<\/li>\n<li>Peuvent consacrer du temps \u00e0 participer \u00e0 des r\u00e9unions virtuelles (~90 minutes tous les deux mois) et\/ou fournir un retour d\u2019information sur les projets par courrier \u00e9lectronique ou par t\u00e9l\u00e9phone<\/li>\n<li>Gardent les informations confidentielles, le cas \u00e9ch\u00e9ant<\/li>\n<li>Croient aux Mission, Vision, et Valeurs d&rsquo;EndoAct Canada<\/li>\n<\/ul>\n<\/div>[\/vc_column][vc_column width=\u00a0\u00bb1\/2&Prime;][vc_column_text css=\u00a0\u00bb.vc_custom_1613480767088{padding-bottom: 30px !important;}\u00a0\u00bb]<strong>Si vous souhaitez vous joindre \u00e0 nous, veuillez nous contacter ici avant le 15 f\u00e9vrier 2021<\/strong>.<\/p>\n<p><em><span style=\"color: #4ec3ff;\">*<\/span> Candidature ferm\u00e9e<br \/>\n<\/em>[\/vc_column_text][vc_column_text css=\u00a0\u00bb.vc_custom_1613481265135{margin-top: 30px !important;}\u00a0\u00bb]Nous r\u00e9pondrons \u00e0 tous les courriels apr\u00e8s la date limite de d\u00e9p\u00f4t des candidatures. Veuillez noter qu\u2019en fonction du nombre de personnes qui se portent candidates,<em><strong> il est possible que tout le monde ne devienne pas b\u00e9n\u00e9voles<\/strong><\/em>. Les candidats potentiels seront invit\u00e9s \u00e0 avoir une conversation avec un b\u00e9n\u00e9voles de la communaut\u00e9, le copr\u00e9sident de la communaut\u00e9 et le directeur ex\u00e9cutif. Les 7 personnes finales seront s\u00e9lectionn\u00e9es par consensus des interviewers, en fonction de leur ad\u00e9quation avec le r\u00f4le ainsi que de leurs exp\u00e9riences et comp\u00e9tences qui sont sous-repr\u00e9sent\u00e9es dans l\u2019\u00e9quipe actuelle d\u2019EndoAct.<\/p>\n<p><strong>Merci de votre int\u00e9r\u00eat, la candidature est maintenant ferm\u00e9e. Si vous avez soumis votre candidature, vous recevrez un e-mail dans les semaines prochaines!<\/strong>[\/vc_column_text][\/vc_column][\/vc_row]<\/p>\n<\/div>","protected":false},"excerpt":{"rendered":"<p>[vc_row content_width=\u00a0\u00bbgrid\u00a0\u00bb css=\u00a0\u00bb.vc_custom_1600971056697{padding-top: 60px !important;padding-bottom: 60px !important;}\u00a0\u00bb el_id=\u00a0\u00bblead-endoact\u00a0\u00bb][vc_column width=\u00a0\u00bb1\/2&Prime;][vc_column_text css=\u00a0\u00bb.vc_custom_1611032756618{margin-bottom: 15px !important;padding-bottom: 0px !important;}\u00a0\u00bb]L\u2019une des valeurs fondamentales d\u2019EndoAct est l\u2019inclusion &#8211; nous voulons nous assurer que notre travail est men\u00e9 par des personnes ayant une exp\u00e9rience et une expertise diverses sur cette condition. Nous recrutons&#8230;<\/p>\n","protected":false},"author":1,"featured_media":0,"parent":0,"menu_order":0,"comment_status":"closed","ping_status":"closed","template":"full-width.php","meta":{"footnotes":""},"class_list":["post-584","page","type-page","status-publish","hentry"],"yoast_head":"<!-- This site is optimized with the Yoast SEO plugin v27.4 - https:\/\/yoast.com\/product\/yoast-seo-wordpress\/ -->\n<title>Devenez b\u00e9n\u00e9vole - EndoAct<\/title>\n<meta name=\"robots\" content=\"index, follow, max-snippet:-1, max-image-preview:large, max-video-preview:-1\" \/>\n<link rel=\"canonical\" href=\"https:\/\/endoact.ca\/fr\/devenez-benevole\/\" \/>\n<meta property=\"og:locale\" content=\"fr_FR\" \/>\n<meta property=\"og:type\" content=\"article\" \/>\n<meta property=\"og:title\" content=\"Devenez b\u00e9n\u00e9vole - EndoAct\" \/>\n<meta property=\"og:description\" content=\"[vc_row content_width=\u00a0\u00bbgrid\u00a0\u00bb css=\u00a0\u00bb.vc_custom_1600971056697{padding-top: 60px !important;padding-bottom: 60px !important;}\u00a0\u00bb el_id=\u00a0\u00bblead-endoact\u00a0\u00bb][vc_column width=\u00a0\u00bb1\/2&Prime;][vc_column_text css=\u00a0\u00bb.vc_custom_1611032756618{margin-bottom: 15px !important;padding-bottom: 0px !important;}\u00a0\u00bb]L\u2019une des valeurs fondamentales d\u2019EndoAct est l\u2019inclusion &#8211; nous voulons nous assurer que notre travail est men\u00e9 par des personnes ayant une exp\u00e9rience et une expertise diverses sur cette condition. Nous recrutons...\" \/>\n<meta property=\"og:url\" content=\"https:\/\/endoact.ca\/fr\/devenez-benevole\/\" \/>\n<meta property=\"og:site_name\" content=\"EndoAct\" \/>\n<meta property=\"article:modified_time\" content=\"2021-02-16T13:15:03+00:00\" \/>\n<meta property=\"og:image\" content=\"https:\/\/endoact.ca\/wp-content\/uploads\/2021\/01\/20025-EndoAct-Instagram-Single_prf01.png\" \/>\n\t<meta property=\"og:image:width\" content=\"1260\" \/>\n\t<meta property=\"og:image:height\" content=\"1260\" \/>\n\t<meta property=\"og:image:type\" content=\"image\/png\" \/>\n<meta name=\"twitter:card\" content=\"summary_large_image\" \/>\n<meta name=\"twitter:label1\" content=\"Dur\u00e9e de lecture estim\u00e9e\" \/>\n\t<meta name=\"twitter:data1\" content=\"3 minutes\" \/>\n<script type=\"application\/ld+json\" class=\"yoast-schema-graph\">{\"@context\":\"https:\\\/\\\/schema.org\",\"@graph\":[{\"@type\":\"WebPage\",\"@id\":\"https:\\\/\\\/endoact.ca\\\/fr\\\/devenez-benevole\\\/\",\"url\":\"https:\\\/\\\/endoact.ca\\\/fr\\\/devenez-benevole\\\/\",\"name\":\"Devenez b\u00e9n\u00e9vole - EndoAct\",\"isPartOf\":{\"@id\":\"https:\\\/\\\/endoact.ca\\\/fr\\\/#website\"},\"datePublished\":\"2020-10-05T19:36:16+00:00\",\"dateModified\":\"2021-02-16T13:15:03+00:00\",\"breadcrumb\":{\"@id\":\"https:\\\/\\\/endoact.ca\\\/fr\\\/devenez-benevole\\\/#breadcrumb\"},\"inLanguage\":\"fr-FR\",\"potentialAction\":[{\"@type\":\"ReadAction\",\"target\":[\"https:\\\/\\\/endoact.ca\\\/fr\\\/devenez-benevole\\\/\"]}]},{\"@type\":\"BreadcrumbList\",\"@id\":\"https:\\\/\\\/endoact.ca\\\/fr\\\/devenez-benevole\\\/#breadcrumb\",\"itemListElement\":[{\"@type\":\"ListItem\",\"position\":1,\"name\":\"Home\",\"item\":\"https:\\\/\\\/endoact.ca\\\/fr\\\/\"},{\"@type\":\"ListItem\",\"position\":2,\"name\":\"Devenez b\u00e9n\u00e9vole\"}]},{\"@type\":\"WebSite\",\"@id\":\"https:\\\/\\\/endoact.ca\\\/fr\\\/#website\",\"url\":\"https:\\\/\\\/endoact.ca\\\/fr\\\/\",\"name\":\"EndoAct\",\"description\":\"\",\"potentialAction\":[{\"@type\":\"SearchAction\",\"target\":{\"@type\":\"EntryPoint\",\"urlTemplate\":\"https:\\\/\\\/endoact.ca\\\/fr\\\/?s={search_term_string}\"},\"query-input\":{\"@type\":\"PropertyValueSpecification\",\"valueRequired\":true,\"valueName\":\"search_term_string\"}}],\"inLanguage\":\"fr-FR\"}]}<\/script>\n<!-- \/ Yoast SEO plugin. -->","yoast_head_json":{"title":"Devenez b\u00e9n\u00e9vole - EndoAct","robots":{"index":"index","follow":"follow","max-snippet":"max-snippet:-1","max-image-preview":"max-image-preview:large","max-video-preview":"max-video-preview:-1"},"canonical":"https:\/\/endoact.ca\/fr\/devenez-benevole\/","og_locale":"fr_FR","og_type":"article","og_title":"Devenez b\u00e9n\u00e9vole - EndoAct","og_description":"[vc_row content_width=\u00a0\u00bbgrid\u00a0\u00bb css=\u00a0\u00bb.vc_custom_1600971056697{padding-top: 60px !important;padding-bottom: 60px !important;}\u00a0\u00bb el_id=\u00a0\u00bblead-endoact\u00a0\u00bb][vc_column width=\u00a0\u00bb1\/2&Prime;][vc_column_text css=\u00a0\u00bb.vc_custom_1611032756618{margin-bottom: 15px !important;padding-bottom: 0px !important;}\u00a0\u00bb]L\u2019une des valeurs fondamentales d\u2019EndoAct est l\u2019inclusion &#8211; nous voulons nous assurer que notre travail est men\u00e9 par des personnes ayant une exp\u00e9rience et une expertise diverses sur cette condition. Nous recrutons...","og_url":"https:\/\/endoact.ca\/fr\/devenez-benevole\/","og_site_name":"EndoAct","article_modified_time":"2021-02-16T13:15:03+00:00","og_image":[{"width":1260,"height":1260,"url":"https:\/\/endoact.ca\/wp-content\/uploads\/2021\/01\/20025-EndoAct-Instagram-Single_prf01.png","type":"image\/png"}],"twitter_card":"summary_large_image","twitter_misc":{"Dur\u00e9e de lecture estim\u00e9e":"3 minutes"},"schema":{"@context":"https:\/\/schema.org","@graph":[{"@type":"WebPage","@id":"https:\/\/endoact.ca\/fr\/devenez-benevole\/","url":"https:\/\/endoact.ca\/fr\/devenez-benevole\/","name":"Devenez b\u00e9n\u00e9vole - EndoAct","isPartOf":{"@id":"https:\/\/endoact.ca\/fr\/#website"},"datePublished":"2020-10-05T19:36:16+00:00","dateModified":"2021-02-16T13:15:03+00:00","breadcrumb":{"@id":"https:\/\/endoact.ca\/fr\/devenez-benevole\/#breadcrumb"},"inLanguage":"fr-FR","potentialAction":[{"@type":"ReadAction","target":["https:\/\/endoact.ca\/fr\/devenez-benevole\/"]}]},{"@type":"BreadcrumbList","@id":"https:\/\/endoact.ca\/fr\/devenez-benevole\/#breadcrumb","itemListElement":[{"@type":"ListItem","position":1,"name":"Home","item":"https:\/\/endoact.ca\/fr\/"},{"@type":"ListItem","position":2,"name":"Devenez b\u00e9n\u00e9vole"}]},{"@type":"WebSite","@id":"https:\/\/endoact.ca\/fr\/#website","url":"https:\/\/endoact.ca\/fr\/","name":"EndoAct","description":"","potentialAction":[{"@type":"SearchAction","target":{"@type":"EntryPoint","urlTemplate":"https:\/\/endoact.ca\/fr\/?s={search_term_string}"},"query-input":{"@type":"PropertyValueSpecification","valueRequired":true,"valueName":"search_term_string"}}],"inLanguage":"fr-FR"}]}},"_links":{"self":[{"href":"https:\/\/endoact.ca\/fr\/wp-json\/wp\/v2\/pages\/584","targetHints":{"allow":["GET"]}}],"collection":[{"href":"https:\/\/endoact.ca\/fr\/wp-json\/wp\/v2\/pages"}],"about":[{"href":"https:\/\/endoact.ca\/fr\/wp-json\/wp\/v2\/types\/page"}],"author":[{"embeddable":true,"href":"https:\/\/endoact.ca\/fr\/wp-json\/wp\/v2\/users\/1"}],"replies":[{"embeddable":true,"href":"https:\/\/endoact.ca\/fr\/wp-json\/wp\/v2\/comments?post=584"}],"version-history":[{"count":5,"href":"https:\/\/endoact.ca\/fr\/wp-json\/wp\/v2\/pages\/584\/revisions"}],"predecessor-version":[{"id":1351,"href":"https:\/\/endoact.ca\/fr\/wp-json\/wp\/v2\/pages\/584\/revisions\/1351"}],"wp:attachment":[{"href":"https:\/\/endoact.ca\/fr\/wp-json\/wp\/v2\/media?parent=584"}],"curies":[{"name":"wp","href":"https:\/\/api.w.org\/{rel}","templated":true}]}}