{"id":639,"date":"2020-09-14T22:06:05","date_gmt":"2020-09-15T05:06:05","guid":{"rendered":"https:\/\/endoact.ca\/members\/catherine-allaire\/"},"modified":"2021-01-24T09:52:31","modified_gmt":"2021-01-24T17:52:31","slug":"catherine-allaire","status":"publish","type":"page","link":"https:\/\/endoact.ca\/fr\/membres-benevoles\/catherine-allaire\/","title":{"rendered":"Catherine Allaire"},"content":{"rendered":"<div class=\"wpb-content-wrapper\"><p>[vc_row content_width=\u00a0\u00bbgrid\u00a0\u00bb css=\u00a0\u00bb.vc_custom_1600143770428{padding-top: 60px !important;padding-bottom: 60px !important;}\u00a0\u00bb][vc_column width=\u00a0\u00bb1\/4&Prime;][vc_single_image image=\u00a0\u00bb1243&Prime; img_size=\u00a0\u00bb800&#215;800&Prime;][\/vc_column][vc_column width=\u00a0\u00bb3\/4&Prime;][vc_column_text]Catherine Allaire, MD, FRCS, est l\u2019actuelle pr\u00e9sidente de la Soci\u00e9t\u00e9 canadienne pour l\u2019avancement de l\u2019excellence en gyn\u00e9cologie (CanSAGE) et un membre fondateur d\u2019EndoAct. Elle estime que toutes les patientes atteintes d\u2019endom\u00e9triose au Canada devraient avoir rapidement acc\u00e8s \u00e0 des soins fond\u00e9s sur des preuves et centr\u00e9s sur le patient. Elle est co-fondatrice et directrice m\u00e9dicale du BC Women&rsquo;s Centre for Pelvic Pain and Endometriosis, une clinique interdisciplinaire unique, et a consacr\u00e9 sa vie professionnelle au traitement des patientes atteintes de ces maladies.\u00a0 Elle a fait un entrainement sp\u00e9cialise en techniques chirurgicales minimalement invasives pour les probl\u00e8mes gyn\u00e9cologiques et a fond\u00e9 le UBC Advanced Training Program in Endometriosis and Pelvic Pain pour \u00e9duquer d\u2019autres gyn\u00e9cologues et am\u00e9liorer l\u2019acc\u00e8s aux soins sp\u00e9cialis\u00e9s. Elle fait partie d\u2019une \u00e9quipe de recherche active sur l\u2019endom\u00e9triose qui b\u00e9n\u00e9ficie d\u2019un financement substantiel de IRSC et a cosign\u00e9 de nombreuses publications dans ce domaine. Docteure Allaire est consid\u00e9r\u00e9e comme un leader dans le domaine des soins de l\u2019endom\u00e9triose et a \u00e9t\u00e9 invit\u00e9e \u00e0 participer \u00e0 de nombreuses r\u00e9unions nationales et internationales, o\u00f9 elle a plaid\u00e9 pour une meilleure sensibilisation et un meilleur acc\u00e8s \u00e0 des soins complets pour les patients atteints d\u2019endom\u00e9triose.<\/p>\n<p><span lang=\"FR-CA\">Dre Allaire<\/span><span lang=\"FR-CA\">\u00a0d\u00e9clare avoir re\u00e7u des honoraires de Abbvie et Allergan, en dehors de son travail avec EndoAct Canada.<\/span><\/p>\n<div><span lang=\"FR-CA\">\u00a0<\/span><\/div>\n<p>[\/vc_column_text]<a itemprop=\"url\" href=\"https:\/\/endoact.ca\/fr\/membres-benevoles\/\" target=\"_self\" style=\"color: #ffffff;background-color: #4ec3ff;border-color: #4ec3ff;font-size: 15px;font-weight: 700;margin: 30px 0 0\" class=\"edgtf-btn edgtf-btn-medium edgtf-btn-solid edgtf-btn-custom-hover-bg edgtf-btn-custom-border-hover edgtf-btn-custom-hover-color\" data-hover-bg-color=\"#ffffff\" data-hover-color=\"#4ec3ff\" data-hover-border-color=\"#4ec3ff\" >\n\t<span class=\"edgtf-btn-text\">Retourner aux membres<\/span>\n    <\/a>[\/vc_column][\/vc_row]<\/p>\n<\/div>","protected":false},"excerpt":{"rendered":"<p>[vc_row content_width=\u00a0\u00bbgrid\u00a0\u00bb css=\u00a0\u00bb.vc_custom_1600143770428{padding-top: 60px !important;padding-bottom: 60px !important;}\u00a0\u00bb][vc_column width=\u00a0\u00bb1\/4&Prime;][vc_single_image image=\u00a0\u00bb1243&Prime; img_size=\u00a0\u00bb800&#215;800&Prime;][\/vc_column][vc_column width=\u00a0\u00bb3\/4&Prime;][vc_column_text]Catherine Allaire, MD, FRCS, est l\u2019actuelle pr\u00e9sidente de la Soci\u00e9t\u00e9 canadienne pour l\u2019avancement de l\u2019excellence en gyn\u00e9cologie (CanSAGE) et un membre fondateur d\u2019EndoAct. Elle estime que toutes les patientes atteintes d\u2019endom\u00e9triose au Canada devraient avoir&#8230;<\/p>\n","protected":false},"author":1,"featured_media":0,"parent":619,"menu_order":0,"comment_status":"closed","ping_status":"closed","template":"full-width.php","meta":{"footnotes":""},"class_list":["post-639","page","type-page","status-publish","hentry"],"yoast_head":"<!-- This site is optimized with the Yoast SEO plugin v27.4 - https:\/\/yoast.com\/product\/yoast-seo-wordpress\/ -->\n<title>Catherine Allaire - EndoAct<\/title>\n<meta name=\"robots\" content=\"index, follow, max-snippet:-1, max-image-preview:large, max-video-preview:-1\" \/>\n<link rel=\"canonical\" href=\"https:\/\/endoact.ca\/fr\/membres-benevoles\/catherine-allaire\/\" \/>\n<meta property=\"og:locale\" content=\"fr_FR\" \/>\n<meta property=\"og:type\" content=\"article\" \/>\n<meta property=\"og:title\" content=\"Catherine Allaire - EndoAct\" \/>\n<meta property=\"og:description\" content=\"[vc_row content_width=\u00a0\u00bbgrid\u00a0\u00bb css=\u00a0\u00bb.vc_custom_1600143770428{padding-top: 60px !important;padding-bottom: 60px !important;}\u00a0\u00bb][vc_column width=\u00a0\u00bb1\/4&Prime;][vc_single_image image=\u00a0\u00bb1243&Prime; img_size=\u00a0\u00bb800&#215;800&Prime;][\/vc_column][vc_column width=\u00a0\u00bb3\/4&Prime;][vc_column_text]Catherine Allaire, MD, FRCS, est l\u2019actuelle pr\u00e9sidente de la Soci\u00e9t\u00e9 canadienne pour l\u2019avancement de l\u2019excellence en gyn\u00e9cologie (CanSAGE) et un membre fondateur d\u2019EndoAct. Elle estime que toutes les patientes atteintes d\u2019endom\u00e9triose au Canada devraient avoir...\" \/>\n<meta property=\"og:url\" content=\"https:\/\/endoact.ca\/fr\/membres-benevoles\/catherine-allaire\/\" \/>\n<meta property=\"og:site_name\" content=\"EndoAct\" \/>\n<meta property=\"article:modified_time\" content=\"2021-01-24T17:52:31+00:00\" \/>\n<meta property=\"og:image\" content=\"https:\/\/endoact.ca\/wp-content\/uploads\/2021\/01\/20025-EndoAct-Instagram-Single_prf01.png\" \/>\n\t<meta property=\"og:image:width\" content=\"1260\" \/>\n\t<meta property=\"og:image:height\" content=\"1260\" \/>\n\t<meta property=\"og:image:type\" content=\"image\/png\" \/>\n<meta name=\"twitter:card\" content=\"summary_large_image\" \/>\n<meta name=\"twitter:label1\" content=\"Dur\u00e9e de lecture estim\u00e9e\" \/>\n\t<meta name=\"twitter:data1\" content=\"2 minutes\" \/>\n<script type=\"application\/ld+json\" class=\"yoast-schema-graph\">{\"@context\":\"https:\\\/\\\/schema.org\",\"@graph\":[{\"@type\":\"WebPage\",\"@id\":\"https:\\\/\\\/endoact.ca\\\/fr\\\/membres-benevoles\\\/catherine-allaire\\\/\",\"url\":\"https:\\\/\\\/endoact.ca\\\/fr\\\/membres-benevoles\\\/catherine-allaire\\\/\",\"name\":\"Catherine Allaire - EndoAct\",\"isPartOf\":{\"@id\":\"https:\\\/\\\/endoact.ca\\\/fr\\\/#website\"},\"datePublished\":\"2020-09-15T05:06:05+00:00\",\"dateModified\":\"2021-01-24T17:52:31+00:00\",\"breadcrumb\":{\"@id\":\"https:\\\/\\\/endoact.ca\\\/fr\\\/membres-benevoles\\\/catherine-allaire\\\/#breadcrumb\"},\"inLanguage\":\"fr-FR\",\"potentialAction\":[{\"@type\":\"ReadAction\",\"target\":[\"https:\\\/\\\/endoact.ca\\\/fr\\\/membres-benevoles\\\/catherine-allaire\\\/\"]}]},{\"@type\":\"BreadcrumbList\",\"@id\":\"https:\\\/\\\/endoact.ca\\\/fr\\\/membres-benevoles\\\/catherine-allaire\\\/#breadcrumb\",\"itemListElement\":[{\"@type\":\"ListItem\",\"position\":1,\"name\":\"Home\",\"item\":\"https:\\\/\\\/endoact.ca\\\/fr\\\/\"},{\"@type\":\"ListItem\",\"position\":2,\"name\":\"Membres b\u00e9n\u00e9voles\",\"item\":\"https:\\\/\\\/endoact.ca\\\/fr\\\/membres-benevoles\\\/\"},{\"@type\":\"ListItem\",\"position\":3,\"name\":\"Catherine Allaire\"}]},{\"@type\":\"WebSite\",\"@id\":\"https:\\\/\\\/endoact.ca\\\/fr\\\/#website\",\"url\":\"https:\\\/\\\/endoact.ca\\\/fr\\\/\",\"name\":\"EndoAct\",\"description\":\"\",\"potentialAction\":[{\"@type\":\"SearchAction\",\"target\":{\"@type\":\"EntryPoint\",\"urlTemplate\":\"https:\\\/\\\/endoact.ca\\\/fr\\\/?s={search_term_string}\"},\"query-input\":{\"@type\":\"PropertyValueSpecification\",\"valueRequired\":true,\"valueName\":\"search_term_string\"}}],\"inLanguage\":\"fr-FR\"}]}<\/script>\n<!-- \/ Yoast SEO plugin. -->","yoast_head_json":{"title":"Catherine Allaire - EndoAct","robots":{"index":"index","follow":"follow","max-snippet":"max-snippet:-1","max-image-preview":"max-image-preview:large","max-video-preview":"max-video-preview:-1"},"canonical":"https:\/\/endoact.ca\/fr\/membres-benevoles\/catherine-allaire\/","og_locale":"fr_FR","og_type":"article","og_title":"Catherine Allaire - EndoAct","og_description":"[vc_row content_width=\u00a0\u00bbgrid\u00a0\u00bb css=\u00a0\u00bb.vc_custom_1600143770428{padding-top: 60px !important;padding-bottom: 60px !important;}\u00a0\u00bb][vc_column width=\u00a0\u00bb1\/4&Prime;][vc_single_image image=\u00a0\u00bb1243&Prime; img_size=\u00a0\u00bb800&#215;800&Prime;][\/vc_column][vc_column width=\u00a0\u00bb3\/4&Prime;][vc_column_text]Catherine Allaire, MD, FRCS, est l\u2019actuelle pr\u00e9sidente de la Soci\u00e9t\u00e9 canadienne pour l\u2019avancement de l\u2019excellence en gyn\u00e9cologie (CanSAGE) et un membre fondateur d\u2019EndoAct. Elle estime que toutes les patientes atteintes d\u2019endom\u00e9triose au Canada devraient avoir...","og_url":"https:\/\/endoact.ca\/fr\/membres-benevoles\/catherine-allaire\/","og_site_name":"EndoAct","article_modified_time":"2021-01-24T17:52:31+00:00","og_image":[{"width":1260,"height":1260,"url":"https:\/\/endoact.ca\/wp-content\/uploads\/2021\/01\/20025-EndoAct-Instagram-Single_prf01.png","type":"image\/png"}],"twitter_card":"summary_large_image","twitter_misc":{"Dur\u00e9e de lecture estim\u00e9e":"2 minutes"},"schema":{"@context":"https:\/\/schema.org","@graph":[{"@type":"WebPage","@id":"https:\/\/endoact.ca\/fr\/membres-benevoles\/catherine-allaire\/","url":"https:\/\/endoact.ca\/fr\/membres-benevoles\/catherine-allaire\/","name":"Catherine Allaire - EndoAct","isPartOf":{"@id":"https:\/\/endoact.ca\/fr\/#website"},"datePublished":"2020-09-15T05:06:05+00:00","dateModified":"2021-01-24T17:52:31+00:00","breadcrumb":{"@id":"https:\/\/endoact.ca\/fr\/membres-benevoles\/catherine-allaire\/#breadcrumb"},"inLanguage":"fr-FR","potentialAction":[{"@type":"ReadAction","target":["https:\/\/endoact.ca\/fr\/membres-benevoles\/catherine-allaire\/"]}]},{"@type":"BreadcrumbList","@id":"https:\/\/endoact.ca\/fr\/membres-benevoles\/catherine-allaire\/#breadcrumb","itemListElement":[{"@type":"ListItem","position":1,"name":"Home","item":"https:\/\/endoact.ca\/fr\/"},{"@type":"ListItem","position":2,"name":"Membres b\u00e9n\u00e9voles","item":"https:\/\/endoact.ca\/fr\/membres-benevoles\/"},{"@type":"ListItem","position":3,"name":"Catherine Allaire"}]},{"@type":"WebSite","@id":"https:\/\/endoact.ca\/fr\/#website","url":"https:\/\/endoact.ca\/fr\/","name":"EndoAct","description":"","potentialAction":[{"@type":"SearchAction","target":{"@type":"EntryPoint","urlTemplate":"https:\/\/endoact.ca\/fr\/?s={search_term_string}"},"query-input":{"@type":"PropertyValueSpecification","valueRequired":true,"valueName":"search_term_string"}}],"inLanguage":"fr-FR"}]}},"_links":{"self":[{"href":"https:\/\/endoact.ca\/fr\/wp-json\/wp\/v2\/pages\/639","targetHints":{"allow":["GET"]}}],"collection":[{"href":"https:\/\/endoact.ca\/fr\/wp-json\/wp\/v2\/pages"}],"about":[{"href":"https:\/\/endoact.ca\/fr\/wp-json\/wp\/v2\/types\/page"}],"author":[{"embeddable":true,"href":"https:\/\/endoact.ca\/fr\/wp-json\/wp\/v2\/users\/1"}],"replies":[{"embeddable":true,"href":"https:\/\/endoact.ca\/fr\/wp-json\/wp\/v2\/comments?post=639"}],"version-history":[{"count":5,"href":"https:\/\/endoact.ca\/fr\/wp-json\/wp\/v2\/pages\/639\/revisions"}],"predecessor-version":[{"id":1247,"href":"https:\/\/endoact.ca\/fr\/wp-json\/wp\/v2\/pages\/639\/revisions\/1247"}],"up":[{"embeddable":true,"href":"https:\/\/endoact.ca\/fr\/wp-json\/wp\/v2\/pages\/619"}],"wp:attachment":[{"href":"https:\/\/endoact.ca\/fr\/wp-json\/wp\/v2\/media?parent=639"}],"curies":[{"name":"wp","href":"https:\/\/api.w.org\/{rel}","templated":true}]}}