{"id":662,"date":"2020-09-27T09:16:38","date_gmt":"2020-09-27T16:16:38","guid":{"rendered":"https:\/\/endoact.ca\/members\/jocelyn-wessels\/"},"modified":"2021-01-13T11:49:57","modified_gmt":"2021-01-13T19:49:57","slug":"jocelyn-wessels","status":"publish","type":"page","link":"https:\/\/endoact.ca\/fr\/membres-benevoles\/jocelyn-wessels\/","title":{"rendered":"Jocelyn Wessels"},"content":{"rendered":"<div class=\"wpb-content-wrapper\"><p>[vc_row content_width=\u00a0\u00bbgrid\u00a0\u00bb css=\u00a0\u00bb.vc_custom_1600143770428{padding-top: 60px !important;padding-bottom: 60px !important;}\u00a0\u00bb][vc_column width=\u00a0\u00bb1\/4&Prime; css=\u00a0\u00bb.vc_custom_1600193123601{margin-bottom: 30px !important;}\u00a0\u00bb][vc_single_image image=\u00a0\u00bb467&Prime; img_size=\u00a0\u00bb800&#215;800&Prime;][\/vc_column][vc_column width=\u00a0\u00bb3\/4&Prime;][vc_column_text]Jocelyn Wessels, MSc, PhD, est chercheur au D\u00e9partement d&rsquo;obst\u00e9trique et de gyn\u00e9cologie de l&rsquo;Universit\u00e9 McMaster. Ses principaux int\u00e9r\u00eats de recherche comprennent: la compr\u00e9hension du r\u00f4le des bact\u00e9ries ut\u00e9rines dans l&rsquo;endom\u00e9triose et la fertilit\u00e9, l&rsquo;am\u00e9lioration du diagnostic de l&rsquo;endom\u00e9triose et l&rsquo;\u00e9valuation de strat\u00e9gies alternatives de gestion de la douleur pour l&rsquo;endom\u00e9triose. Jocelyn fait de la recherche sur la reproduction depuis 2006 et travaille avec passion dans la recherche sur l&rsquo;endom\u00e9triose depuis 2011, car elle pense que c&rsquo;est un domaine o\u00f9 ses contributions peuvent avoir un impact important sur la qualit\u00e9 de vie. Les travaux de Jocelyn ont abouti \u00e0 plus de 30 documents de recherche, 3 brevets et de nombreuses collaborations. Elle a \u00e9t\u00e9 r\u00e9compens\u00e9e par un large \u00e9ventail de prix, notamment une bourse de recherche postdoctorale des Instituts de recherche en sant\u00e9 du Canada (IRSC), une bourse d&rsquo;\u00e9tudes sup\u00e9rieures Vanier Canada des IRSC, une bourse d&rsquo;\u00e9tudes en sant\u00e9 des femmes de l&rsquo;Ontario et le prix YMCA Guelph Women of Distinction en sciences, technologie et g\u00e9nie et math. Le Dr Wessels est honor\u00e9e de faire partie d&rsquo;EndoAct Canada.<\/p>\n<div><span lang=\"FR-CA\">Dre Wessels d\u00e9clare avoir conclu un accord de licence et un brevet en instance (PCT\/CA2014\/000742) avec Exeltis, en dehors <\/span><span lang=\"FR-CA\">de son travail avec EndoAct Canada.\u00a0<\/span><\/div>\n<p>[\/vc_column_text]<a itemprop=\"url\" href=\"https:\/\/endoact.ca\/fr\/membres-benevoles\/\" target=\"_self\" style=\"color: #ffffff;background-color: #4ec3ff;border-color: #4ec3ff;font-size: 15px;font-weight: 700;margin: 30px 0 0\" class=\"edgtf-btn edgtf-btn-medium edgtf-btn-solid edgtf-btn-custom-hover-bg edgtf-btn-custom-border-hover edgtf-btn-custom-hover-color\" data-hover-bg-color=\"#ffffff\" data-hover-color=\"#4ec3ff\" data-hover-border-color=\"#4ec3ff\" >\n\t<span class=\"edgtf-btn-text\">Retourner aux membres<\/span>\n    <\/a>[\/vc_column][\/vc_row]<\/p>\n<\/div>","protected":false},"excerpt":{"rendered":"<p>[vc_row content_width=\u00a0\u00bbgrid\u00a0\u00bb css=\u00a0\u00bb.vc_custom_1600143770428{padding-top: 60px !important;padding-bottom: 60px !important;}\u00a0\u00bb][vc_column width=\u00a0\u00bb1\/4&Prime; css=\u00a0\u00bb.vc_custom_1600193123601{margin-bottom: 30px !important;}\u00a0\u00bb][vc_single_image image=\u00a0\u00bb467&Prime; img_size=\u00a0\u00bb800&#215;800&Prime;][\/vc_column][vc_column width=\u00a0\u00bb3\/4&Prime;][vc_column_text]Jocelyn Wessels, MSc, PhD, est chercheur au D\u00e9partement d&rsquo;obst\u00e9trique et de gyn\u00e9cologie de l&rsquo;Universit\u00e9 McMaster. Ses principaux int\u00e9r\u00eats de recherche comprennent: la compr\u00e9hension du r\u00f4le des bact\u00e9ries ut\u00e9rines dans l&rsquo;endom\u00e9triose et la&#8230;<\/p>\n","protected":false},"author":2,"featured_media":0,"parent":619,"menu_order":0,"comment_status":"closed","ping_status":"closed","template":"full-width.php","meta":{"footnotes":""},"class_list":["post-662","page","type-page","status-publish","hentry"],"yoast_head":"<!-- This site is optimized with the Yoast SEO plugin v27.4 - https:\/\/yoast.com\/product\/yoast-seo-wordpress\/ -->\n<title>Jocelyn Wessels - EndoAct<\/title>\n<meta name=\"robots\" content=\"index, follow, max-snippet:-1, max-image-preview:large, max-video-preview:-1\" \/>\n<link rel=\"canonical\" href=\"https:\/\/endoact.ca\/fr\/membres-benevoles\/jocelyn-wessels\/\" \/>\n<meta property=\"og:locale\" content=\"fr_FR\" \/>\n<meta property=\"og:type\" content=\"article\" \/>\n<meta property=\"og:title\" content=\"Jocelyn Wessels - EndoAct\" \/>\n<meta property=\"og:description\" content=\"[vc_row content_width=\u00a0\u00bbgrid\u00a0\u00bb css=\u00a0\u00bb.vc_custom_1600143770428{padding-top: 60px !important;padding-bottom: 60px !important;}\u00a0\u00bb][vc_column width=\u00a0\u00bb1\/4&Prime; css=\u00a0\u00bb.vc_custom_1600193123601{margin-bottom: 30px !important;}\u00a0\u00bb][vc_single_image image=\u00a0\u00bb467&Prime; img_size=\u00a0\u00bb800&#215;800&Prime;][\/vc_column][vc_column width=\u00a0\u00bb3\/4&Prime;][vc_column_text]Jocelyn Wessels, MSc, PhD, est chercheur au D\u00e9partement d&rsquo;obst\u00e9trique et de gyn\u00e9cologie de l&rsquo;Universit\u00e9 McMaster. Ses principaux int\u00e9r\u00eats de recherche comprennent: la compr\u00e9hension du r\u00f4le des bact\u00e9ries ut\u00e9rines dans l&rsquo;endom\u00e9triose et la...\" \/>\n<meta property=\"og:url\" content=\"https:\/\/endoact.ca\/fr\/membres-benevoles\/jocelyn-wessels\/\" \/>\n<meta property=\"og:site_name\" content=\"EndoAct\" \/>\n<meta property=\"article:modified_time\" content=\"2021-01-13T19:49:57+00:00\" \/>\n<meta property=\"og:image\" content=\"https:\/\/endoact.ca\/wp-content\/uploads\/2021\/01\/20025-EndoAct-Instagram-Single_prf01.png\" \/>\n\t<meta property=\"og:image:width\" content=\"1260\" \/>\n\t<meta property=\"og:image:height\" content=\"1260\" \/>\n\t<meta property=\"og:image:type\" content=\"image\/png\" \/>\n<meta name=\"twitter:card\" content=\"summary_large_image\" \/>\n<meta name=\"twitter:label1\" content=\"Dur\u00e9e de lecture estim\u00e9e\" \/>\n\t<meta name=\"twitter:data1\" content=\"2 minutes\" \/>\n<script type=\"application\/ld+json\" class=\"yoast-schema-graph\">{\"@context\":\"https:\\\/\\\/schema.org\",\"@graph\":[{\"@type\":\"WebPage\",\"@id\":\"https:\\\/\\\/endoact.ca\\\/fr\\\/membres-benevoles\\\/jocelyn-wessels\\\/\",\"url\":\"https:\\\/\\\/endoact.ca\\\/fr\\\/membres-benevoles\\\/jocelyn-wessels\\\/\",\"name\":\"Jocelyn Wessels - EndoAct\",\"isPartOf\":{\"@id\":\"https:\\\/\\\/endoact.ca\\\/fr\\\/#website\"},\"datePublished\":\"2020-09-27T16:16:38+00:00\",\"dateModified\":\"2021-01-13T19:49:57+00:00\",\"breadcrumb\":{\"@id\":\"https:\\\/\\\/endoact.ca\\\/fr\\\/membres-benevoles\\\/jocelyn-wessels\\\/#breadcrumb\"},\"inLanguage\":\"fr-FR\",\"potentialAction\":[{\"@type\":\"ReadAction\",\"target\":[\"https:\\\/\\\/endoact.ca\\\/fr\\\/membres-benevoles\\\/jocelyn-wessels\\\/\"]}]},{\"@type\":\"BreadcrumbList\",\"@id\":\"https:\\\/\\\/endoact.ca\\\/fr\\\/membres-benevoles\\\/jocelyn-wessels\\\/#breadcrumb\",\"itemListElement\":[{\"@type\":\"ListItem\",\"position\":1,\"name\":\"Home\",\"item\":\"https:\\\/\\\/endoact.ca\\\/fr\\\/\"},{\"@type\":\"ListItem\",\"position\":2,\"name\":\"Membres b\u00e9n\u00e9voles\",\"item\":\"https:\\\/\\\/endoact.ca\\\/fr\\\/membres-benevoles\\\/\"},{\"@type\":\"ListItem\",\"position\":3,\"name\":\"Jocelyn Wessels\"}]},{\"@type\":\"WebSite\",\"@id\":\"https:\\\/\\\/endoact.ca\\\/fr\\\/#website\",\"url\":\"https:\\\/\\\/endoact.ca\\\/fr\\\/\",\"name\":\"EndoAct\",\"description\":\"\",\"potentialAction\":[{\"@type\":\"SearchAction\",\"target\":{\"@type\":\"EntryPoint\",\"urlTemplate\":\"https:\\\/\\\/endoact.ca\\\/fr\\\/?s={search_term_string}\"},\"query-input\":{\"@type\":\"PropertyValueSpecification\",\"valueRequired\":true,\"valueName\":\"search_term_string\"}}],\"inLanguage\":\"fr-FR\"}]}<\/script>\n<!-- \/ Yoast SEO plugin. -->","yoast_head_json":{"title":"Jocelyn Wessels - EndoAct","robots":{"index":"index","follow":"follow","max-snippet":"max-snippet:-1","max-image-preview":"max-image-preview:large","max-video-preview":"max-video-preview:-1"},"canonical":"https:\/\/endoact.ca\/fr\/membres-benevoles\/jocelyn-wessels\/","og_locale":"fr_FR","og_type":"article","og_title":"Jocelyn Wessels - EndoAct","og_description":"[vc_row content_width=\u00a0\u00bbgrid\u00a0\u00bb css=\u00a0\u00bb.vc_custom_1600143770428{padding-top: 60px !important;padding-bottom: 60px !important;}\u00a0\u00bb][vc_column width=\u00a0\u00bb1\/4&Prime; css=\u00a0\u00bb.vc_custom_1600193123601{margin-bottom: 30px !important;}\u00a0\u00bb][vc_single_image image=\u00a0\u00bb467&Prime; img_size=\u00a0\u00bb800&#215;800&Prime;][\/vc_column][vc_column width=\u00a0\u00bb3\/4&Prime;][vc_column_text]Jocelyn Wessels, MSc, PhD, est chercheur au D\u00e9partement d&rsquo;obst\u00e9trique et de gyn\u00e9cologie de l&rsquo;Universit\u00e9 McMaster. Ses principaux int\u00e9r\u00eats de recherche comprennent: la compr\u00e9hension du r\u00f4le des bact\u00e9ries ut\u00e9rines dans l&rsquo;endom\u00e9triose et la...","og_url":"https:\/\/endoact.ca\/fr\/membres-benevoles\/jocelyn-wessels\/","og_site_name":"EndoAct","article_modified_time":"2021-01-13T19:49:57+00:00","og_image":[{"width":1260,"height":1260,"url":"https:\/\/endoact.ca\/wp-content\/uploads\/2021\/01\/20025-EndoAct-Instagram-Single_prf01.png","type":"image\/png"}],"twitter_card":"summary_large_image","twitter_misc":{"Dur\u00e9e de lecture estim\u00e9e":"2 minutes"},"schema":{"@context":"https:\/\/schema.org","@graph":[{"@type":"WebPage","@id":"https:\/\/endoact.ca\/fr\/membres-benevoles\/jocelyn-wessels\/","url":"https:\/\/endoact.ca\/fr\/membres-benevoles\/jocelyn-wessels\/","name":"Jocelyn Wessels - EndoAct","isPartOf":{"@id":"https:\/\/endoact.ca\/fr\/#website"},"datePublished":"2020-09-27T16:16:38+00:00","dateModified":"2021-01-13T19:49:57+00:00","breadcrumb":{"@id":"https:\/\/endoact.ca\/fr\/membres-benevoles\/jocelyn-wessels\/#breadcrumb"},"inLanguage":"fr-FR","potentialAction":[{"@type":"ReadAction","target":["https:\/\/endoact.ca\/fr\/membres-benevoles\/jocelyn-wessels\/"]}]},{"@type":"BreadcrumbList","@id":"https:\/\/endoact.ca\/fr\/membres-benevoles\/jocelyn-wessels\/#breadcrumb","itemListElement":[{"@type":"ListItem","position":1,"name":"Home","item":"https:\/\/endoact.ca\/fr\/"},{"@type":"ListItem","position":2,"name":"Membres b\u00e9n\u00e9voles","item":"https:\/\/endoact.ca\/fr\/membres-benevoles\/"},{"@type":"ListItem","position":3,"name":"Jocelyn Wessels"}]},{"@type":"WebSite","@id":"https:\/\/endoact.ca\/fr\/#website","url":"https:\/\/endoact.ca\/fr\/","name":"EndoAct","description":"","potentialAction":[{"@type":"SearchAction","target":{"@type":"EntryPoint","urlTemplate":"https:\/\/endoact.ca\/fr\/?s={search_term_string}"},"query-input":{"@type":"PropertyValueSpecification","valueRequired":true,"valueName":"search_term_string"}}],"inLanguage":"fr-FR"}]}},"_links":{"self":[{"href":"https:\/\/endoact.ca\/fr\/wp-json\/wp\/v2\/pages\/662","targetHints":{"allow":["GET"]}}],"collection":[{"href":"https:\/\/endoact.ca\/fr\/wp-json\/wp\/v2\/pages"}],"about":[{"href":"https:\/\/endoact.ca\/fr\/wp-json\/wp\/v2\/types\/page"}],"author":[{"embeddable":true,"href":"https:\/\/endoact.ca\/fr\/wp-json\/wp\/v2\/users\/2"}],"replies":[{"embeddable":true,"href":"https:\/\/endoact.ca\/fr\/wp-json\/wp\/v2\/comments?post=662"}],"version-history":[{"count":4,"href":"https:\/\/endoact.ca\/fr\/wp-json\/wp\/v2\/pages\/662\/revisions"}],"predecessor-version":[{"id":985,"href":"https:\/\/endoact.ca\/fr\/wp-json\/wp\/v2\/pages\/662\/revisions\/985"}],"up":[{"embeddable":true,"href":"https:\/\/endoact.ca\/fr\/wp-json\/wp\/v2\/pages\/619"}],"wp:attachment":[{"href":"https:\/\/endoact.ca\/fr\/wp-json\/wp\/v2\/media?parent=662"}],"curies":[{"name":"wp","href":"https:\/\/api.w.org\/{rel}","templated":true}]}}