{"id":670,"date":"2020-09-14T21:30:46","date_gmt":"2020-09-15T04:30:46","guid":{"rendered":"https:\/\/endoact.ca\/members\/lauren-butler\/"},"modified":"2021-01-13T11:52:34","modified_gmt":"2021-01-13T19:52:34","slug":"lauren-butler","status":"publish","type":"page","link":"https:\/\/endoact.ca\/fr\/membres-benevoles\/lauren-butler\/","title":{"rendered":"Lauren Butler"},"content":{"rendered":"<div class=\"wpb-content-wrapper\"><p>[vc_row content_width=\u00a0\u00bbgrid\u00a0\u00bb css=\u00a0\u00bb.vc_custom_1600143770428{padding-top: 60px !important;padding-bottom: 60px !important;}\u00a0\u00bb][vc_column width=\u00a0\u00bb1\/4&Prime; css=\u00a0\u00bb.vc_custom_1600193123601{margin-bottom: 30px !important;}\u00a0\u00bb][vc_single_image image=\u00a0\u00bb473&Prime; img_size=\u00a0\u00bb800&#215;800&Prime;][\/vc_column][vc_column width=\u00a0\u00bb3\/4&Prime;][vc_column_text]Lauren Butler, infirmi\u00e8re dipl\u00f4m\u00e9e, est devenue membre d\u2019EndoAct pour partager ouvertement son exp\u00e9rience avec l\u2019endom\u00e9triose. Depuis l\u2019\u00e2ge de 11 ans, Lauren souffre de douleurs pelviennes d\u00e9bilitantes. Pendant 12 ans, de nombreux m\u00e9decins ont diagnostiqu\u00e9 que ses douleurs chroniques \u00e9taient des douleurs menstruelles normales. Elle a finalement \u00e9t\u00e9 orient\u00e9e vers un sp\u00e9cialiste de l\u2019endom\u00e9triose et a \u00e9t\u00e9 correctement diagnostiqu\u00e9e \u00e0 l\u2019\u00e2ge de 23 ans. Ces ann\u00e9es de souffrance, sans enqu\u00eate m\u00e9dicale, ont conduit \u00e0 une aggravation de la douleur qui a perturb\u00e9 tous les aspects de sa vie. En partageant ces exp\u00e9riences v\u00e9cues et en collaborant avec des sp\u00e9cialistes de l\u2019endom\u00e9triose, des chercheurs et des d\u00e9cideurs politiques, elle envisage un avenir pour les soins de l\u2019endom\u00e9triose au Canada qui permettra \u00e0 chacun d\u2019avoir acc\u00e8s \u00e0 des options de gestion des soins efficaces avant que les sympt\u00f4mes ne deviennent d\u00e9bilitants sur le plan physique, \u00e9motionnel, interpersonnel et financier.<\/p>\n<p>Mlle Butler\u00a0n&rsquo;a rien \u00e0 divulguer.[\/vc_column_text]<a itemprop=\"url\" href=\"https:\/\/endoact.ca\/fr\/membres-benevoles\/\" target=\"_self\" style=\"color: #ffffff;background-color: #4ec3ff;border-color: #4ec3ff;font-size: 15px;font-weight: 700;margin: 30px 0 0\" class=\"edgtf-btn edgtf-btn-medium edgtf-btn-solid edgtf-btn-custom-hover-bg edgtf-btn-custom-border-hover edgtf-btn-custom-hover-color\" data-hover-bg-color=\"#ffffff\" data-hover-color=\"#4ec3ff\" data-hover-border-color=\"#4ec3ff\" >\n\t<span class=\"edgtf-btn-text\">Retourner aux membres<\/span>\n    <\/a>[\/vc_column][\/vc_row]<\/p>\n<\/div>","protected":false},"excerpt":{"rendered":"<p>[vc_row content_width=\u00a0\u00bbgrid\u00a0\u00bb css=\u00a0\u00bb.vc_custom_1600143770428{padding-top: 60px !important;padding-bottom: 60px !important;}\u00a0\u00bb][vc_column width=\u00a0\u00bb1\/4&Prime; css=\u00a0\u00bb.vc_custom_1600193123601{margin-bottom: 30px !important;}\u00a0\u00bb][vc_single_image image=\u00a0\u00bb473&Prime; img_size=\u00a0\u00bb800&#215;800&Prime;][\/vc_column][vc_column width=\u00a0\u00bb3\/4&Prime;][vc_column_text]Lauren Butler, infirmi\u00e8re dipl\u00f4m\u00e9e, est devenue membre d\u2019EndoAct pour partager ouvertement son exp\u00e9rience avec l\u2019endom\u00e9triose. Depuis l\u2019\u00e2ge de 11 ans, Lauren souffre de douleurs pelviennes d\u00e9bilitantes. Pendant 12 ans, de nombreux m\u00e9decins&#8230;<\/p>\n","protected":false},"author":1,"featured_media":0,"parent":619,"menu_order":0,"comment_status":"closed","ping_status":"closed","template":"full-width.php","meta":{"footnotes":""},"class_list":["post-670","page","type-page","status-publish","hentry"],"yoast_head":"<!-- This site is optimized with the Yoast SEO plugin v27.4 - https:\/\/yoast.com\/product\/yoast-seo-wordpress\/ -->\n<title>Lauren Butler - EndoAct<\/title>\n<meta name=\"robots\" content=\"index, follow, max-snippet:-1, max-image-preview:large, max-video-preview:-1\" \/>\n<link rel=\"canonical\" href=\"https:\/\/endoact.ca\/fr\/membres-benevoles\/lauren-butler\/\" \/>\n<meta property=\"og:locale\" content=\"fr_FR\" \/>\n<meta property=\"og:type\" content=\"article\" \/>\n<meta property=\"og:title\" content=\"Lauren Butler - EndoAct\" \/>\n<meta property=\"og:description\" content=\"[vc_row content_width=\u00a0\u00bbgrid\u00a0\u00bb css=\u00a0\u00bb.vc_custom_1600143770428{padding-top: 60px !important;padding-bottom: 60px !important;}\u00a0\u00bb][vc_column width=\u00a0\u00bb1\/4&Prime; css=\u00a0\u00bb.vc_custom_1600193123601{margin-bottom: 30px !important;}\u00a0\u00bb][vc_single_image image=\u00a0\u00bb473&Prime; img_size=\u00a0\u00bb800&#215;800&Prime;][\/vc_column][vc_column width=\u00a0\u00bb3\/4&Prime;][vc_column_text]Lauren Butler, infirmi\u00e8re dipl\u00f4m\u00e9e, est devenue membre d\u2019EndoAct pour partager ouvertement son exp\u00e9rience avec l\u2019endom\u00e9triose. Depuis l\u2019\u00e2ge de 11 ans, Lauren souffre de douleurs pelviennes d\u00e9bilitantes. Pendant 12 ans, de nombreux m\u00e9decins...\" \/>\n<meta property=\"og:url\" content=\"https:\/\/endoact.ca\/fr\/membres-benevoles\/lauren-butler\/\" \/>\n<meta property=\"og:site_name\" content=\"EndoAct\" \/>\n<meta property=\"article:modified_time\" content=\"2021-01-13T19:52:34+00:00\" \/>\n<meta property=\"og:image\" content=\"https:\/\/endoact.ca\/wp-content\/uploads\/2021\/01\/20025-EndoAct-Instagram-Single_prf01.png\" \/>\n\t<meta property=\"og:image:width\" content=\"1260\" \/>\n\t<meta property=\"og:image:height\" content=\"1260\" \/>\n\t<meta property=\"og:image:type\" content=\"image\/png\" \/>\n<meta name=\"twitter:card\" content=\"summary_large_image\" \/>\n<meta name=\"twitter:label1\" content=\"Dur\u00e9e de lecture estim\u00e9e\" \/>\n\t<meta name=\"twitter:data1\" content=\"1 minute\" \/>\n<script type=\"application\/ld+json\" class=\"yoast-schema-graph\">{\"@context\":\"https:\\\/\\\/schema.org\",\"@graph\":[{\"@type\":\"WebPage\",\"@id\":\"https:\\\/\\\/endoact.ca\\\/fr\\\/membres-benevoles\\\/lauren-butler\\\/\",\"url\":\"https:\\\/\\\/endoact.ca\\\/fr\\\/membres-benevoles\\\/lauren-butler\\\/\",\"name\":\"Lauren Butler - EndoAct\",\"isPartOf\":{\"@id\":\"https:\\\/\\\/endoact.ca\\\/fr\\\/#website\"},\"datePublished\":\"2020-09-15T04:30:46+00:00\",\"dateModified\":\"2021-01-13T19:52:34+00:00\",\"breadcrumb\":{\"@id\":\"https:\\\/\\\/endoact.ca\\\/fr\\\/membres-benevoles\\\/lauren-butler\\\/#breadcrumb\"},\"inLanguage\":\"fr-FR\",\"potentialAction\":[{\"@type\":\"ReadAction\",\"target\":[\"https:\\\/\\\/endoact.ca\\\/fr\\\/membres-benevoles\\\/lauren-butler\\\/\"]}]},{\"@type\":\"BreadcrumbList\",\"@id\":\"https:\\\/\\\/endoact.ca\\\/fr\\\/membres-benevoles\\\/lauren-butler\\\/#breadcrumb\",\"itemListElement\":[{\"@type\":\"ListItem\",\"position\":1,\"name\":\"Home\",\"item\":\"https:\\\/\\\/endoact.ca\\\/fr\\\/\"},{\"@type\":\"ListItem\",\"position\":2,\"name\":\"Membres b\u00e9n\u00e9voles\",\"item\":\"https:\\\/\\\/endoact.ca\\\/fr\\\/membres-benevoles\\\/\"},{\"@type\":\"ListItem\",\"position\":3,\"name\":\"Lauren Butler\"}]},{\"@type\":\"WebSite\",\"@id\":\"https:\\\/\\\/endoact.ca\\\/fr\\\/#website\",\"url\":\"https:\\\/\\\/endoact.ca\\\/fr\\\/\",\"name\":\"EndoAct\",\"description\":\"\",\"potentialAction\":[{\"@type\":\"SearchAction\",\"target\":{\"@type\":\"EntryPoint\",\"urlTemplate\":\"https:\\\/\\\/endoact.ca\\\/fr\\\/?s={search_term_string}\"},\"query-input\":{\"@type\":\"PropertyValueSpecification\",\"valueRequired\":true,\"valueName\":\"search_term_string\"}}],\"inLanguage\":\"fr-FR\"}]}<\/script>\n<!-- \/ Yoast SEO plugin. -->","yoast_head_json":{"title":"Lauren Butler - EndoAct","robots":{"index":"index","follow":"follow","max-snippet":"max-snippet:-1","max-image-preview":"max-image-preview:large","max-video-preview":"max-video-preview:-1"},"canonical":"https:\/\/endoact.ca\/fr\/membres-benevoles\/lauren-butler\/","og_locale":"fr_FR","og_type":"article","og_title":"Lauren Butler - EndoAct","og_description":"[vc_row content_width=\u00a0\u00bbgrid\u00a0\u00bb css=\u00a0\u00bb.vc_custom_1600143770428{padding-top: 60px !important;padding-bottom: 60px !important;}\u00a0\u00bb][vc_column width=\u00a0\u00bb1\/4&Prime; css=\u00a0\u00bb.vc_custom_1600193123601{margin-bottom: 30px !important;}\u00a0\u00bb][vc_single_image image=\u00a0\u00bb473&Prime; img_size=\u00a0\u00bb800&#215;800&Prime;][\/vc_column][vc_column width=\u00a0\u00bb3\/4&Prime;][vc_column_text]Lauren Butler, infirmi\u00e8re dipl\u00f4m\u00e9e, est devenue membre d\u2019EndoAct pour partager ouvertement son exp\u00e9rience avec l\u2019endom\u00e9triose. Depuis l\u2019\u00e2ge de 11 ans, Lauren souffre de douleurs pelviennes d\u00e9bilitantes. Pendant 12 ans, de nombreux m\u00e9decins...","og_url":"https:\/\/endoact.ca\/fr\/membres-benevoles\/lauren-butler\/","og_site_name":"EndoAct","article_modified_time":"2021-01-13T19:52:34+00:00","og_image":[{"width":1260,"height":1260,"url":"https:\/\/endoact.ca\/wp-content\/uploads\/2021\/01\/20025-EndoAct-Instagram-Single_prf01.png","type":"image\/png"}],"twitter_card":"summary_large_image","twitter_misc":{"Dur\u00e9e de lecture estim\u00e9e":"1 minute"},"schema":{"@context":"https:\/\/schema.org","@graph":[{"@type":"WebPage","@id":"https:\/\/endoact.ca\/fr\/membres-benevoles\/lauren-butler\/","url":"https:\/\/endoact.ca\/fr\/membres-benevoles\/lauren-butler\/","name":"Lauren Butler - EndoAct","isPartOf":{"@id":"https:\/\/endoact.ca\/fr\/#website"},"datePublished":"2020-09-15T04:30:46+00:00","dateModified":"2021-01-13T19:52:34+00:00","breadcrumb":{"@id":"https:\/\/endoact.ca\/fr\/membres-benevoles\/lauren-butler\/#breadcrumb"},"inLanguage":"fr-FR","potentialAction":[{"@type":"ReadAction","target":["https:\/\/endoact.ca\/fr\/membres-benevoles\/lauren-butler\/"]}]},{"@type":"BreadcrumbList","@id":"https:\/\/endoact.ca\/fr\/membres-benevoles\/lauren-butler\/#breadcrumb","itemListElement":[{"@type":"ListItem","position":1,"name":"Home","item":"https:\/\/endoact.ca\/fr\/"},{"@type":"ListItem","position":2,"name":"Membres b\u00e9n\u00e9voles","item":"https:\/\/endoact.ca\/fr\/membres-benevoles\/"},{"@type":"ListItem","position":3,"name":"Lauren Butler"}]},{"@type":"WebSite","@id":"https:\/\/endoact.ca\/fr\/#website","url":"https:\/\/endoact.ca\/fr\/","name":"EndoAct","description":"","potentialAction":[{"@type":"SearchAction","target":{"@type":"EntryPoint","urlTemplate":"https:\/\/endoact.ca\/fr\/?s={search_term_string}"},"query-input":{"@type":"PropertyValueSpecification","valueRequired":true,"valueName":"search_term_string"}}],"inLanguage":"fr-FR"}]}},"_links":{"self":[{"href":"https:\/\/endoact.ca\/fr\/wp-json\/wp\/v2\/pages\/670","targetHints":{"allow":["GET"]}}],"collection":[{"href":"https:\/\/endoact.ca\/fr\/wp-json\/wp\/v2\/pages"}],"about":[{"href":"https:\/\/endoact.ca\/fr\/wp-json\/wp\/v2\/types\/page"}],"author":[{"embeddable":true,"href":"https:\/\/endoact.ca\/fr\/wp-json\/wp\/v2\/users\/1"}],"replies":[{"embeddable":true,"href":"https:\/\/endoact.ca\/fr\/wp-json\/wp\/v2\/comments?post=670"}],"version-history":[{"count":4,"href":"https:\/\/endoact.ca\/fr\/wp-json\/wp\/v2\/pages\/670\/revisions"}],"predecessor-version":[{"id":987,"href":"https:\/\/endoact.ca\/fr\/wp-json\/wp\/v2\/pages\/670\/revisions\/987"}],"up":[{"embeddable":true,"href":"https:\/\/endoact.ca\/fr\/wp-json\/wp\/v2\/pages\/619"}],"wp:attachment":[{"href":"https:\/\/endoact.ca\/fr\/wp-json\/wp\/v2\/media?parent=670"}],"curies":[{"name":"wp","href":"https:\/\/api.w.org\/{rel}","templated":true}]}}