{"id":674,"date":"2020-09-26T12:47:12","date_gmt":"2020-09-26T19:47:12","guid":{"rendered":"https:\/\/endoact.ca\/members\/liane-belland\/"},"modified":"2021-01-13T11:56:27","modified_gmt":"2021-01-13T19:56:27","slug":"liane-belland","status":"publish","type":"page","link":"https:\/\/endoact.ca\/fr\/membres-benevoles\/liane-belland\/","title":{"rendered":"Liane Belland"},"content":{"rendered":"<div class=\"wpb-content-wrapper\"><p>[vc_row content_width=\u00a0\u00bbgrid\u00a0\u00bb css=\u00a0\u00bb.vc_custom_1600143770428{padding-top: 60px !important;padding-bottom: 60px !important;}\u00a0\u00bb][vc_column width=\u00a0\u00bb1\/4&Prime; css=\u00a0\u00bb.vc_custom_1600193123601{margin-bottom: 30px !important;}\u00a0\u00bb][vc_single_image image=\u00a0\u00bb475&Prime; img_size=\u00a0\u00bb800&#215;800&Prime;][\/vc_column][vc_column width=\u00a0\u00bb3\/4&Prime;][vc_column_text]Liane Belland, M.Sc., M.D., FRCSC, est une chirurgienne sp\u00e9cialis\u00e9e dans l\u2019endom\u00e9triose qui a exerc\u00e9 en tant que gyn\u00e9cologue g\u00e9n\u00e9raliste pendant 10 ans avant de poursuivre un entrainement specialise en laparoscopie avanc\u00e9e en Nouvelle-Z\u00e9lande. Elle a personnellement constat\u00e9 que l\u2019endom\u00e9triose est une maladie n\u00e9glig\u00e9e, insuffisamment enseign\u00e9e et minimis\u00e9e dans la formation m\u00e9dicale, ce qui a conduit des g\u00e9n\u00e9rations de professionnels de la sant\u00e9 \u00e0 ne pas savoir, \u00e0 \u00eatre mal inform\u00e9s et \u00e0 contribuer au retard dans le diagnostic et le traitement appropri\u00e9 des femmes souffrant de cette maladie.\u00a0 Cette lacune dans la formation l\u2019a amen\u00e9e \u00e0 poursuivre sa formation de boursi\u00e8re en Nouvelle-Z\u00e9lande o\u00f9 elle a \u00e9t\u00e9 immerg\u00e9e dans un mod\u00e8le de soins de l\u2019endom\u00e9triose centr\u00e9 sur le patient et soutenu par les politiques.\u00a0 Elle est retourn\u00e9e au Canada pour se concentrer sur l\u2019endom\u00e9triose et la promouvoir comme une sous-sp\u00e9cialit\u00e9 \u00e0 part enti\u00e8re. La Docteure Belland a fond\u00e9 le Fellowship in Minimally Invasive and Complex Gynecologic Surgery \u00e0 l\u2019Universit\u00e9 de Calgary pour former de futurs visionnaires dans le domaine des soins de l\u2019endom\u00e9triose. Elle a dirig\u00e9 le projet Endo(Vision), qui a r\u00e9uni des patients, des gyn\u00e9cologues, des industriels et des fondations caritatives pour g\u00e9n\u00e9rer plus de $ 500\u2009000 destin\u00e9s \u00e0 l\u2019achat d\u2019\u00e9quipements d\u00e9di\u00e9s aux soins de l\u2019endom\u00e9triose dans son h\u00f4pital.\u00a0 Liane participe en tant qu\u2019\u00e9ducatrice pour les etudiants de medecine et les m\u00e9decins de famille au niveau communautaire, en tant que membre de conseils consultatifs nationaux et dans des projets de recherche locaux et nationaux.\u00a0 Elle est actuellement vice-pr\u00e9sidente de la Soci\u00e9t\u00e9 canadienne pour l\u2019avancement de l\u2019excellence en gyn\u00e9cologie (CanSAGE).<\/p>\n<p>Dre.\u00a0<span lang=\"FR-CA\">Belland d\u00e9clare avoir re\u00e7u des honoraires de Abbvie, Allergan, Bayer et Olympus, ainsi que des subventions de AbbVie et Allergan, en dehors de son travail avec EndoAct Canada.<\/span><\/p>\n<div><span lang=\"FR-CA\">\u00a0<\/span><\/div>\n<p>[\/vc_column_text]<a itemprop=\"url\" href=\"https:\/\/endoact.ca\/fr\/membres-benevoles\/\" target=\"_self\" style=\"color: #ffffff;background-color: #4ec3ff;border-color: #4ec3ff;font-size: 15px;font-weight: 700;margin: 30px 0 0\" class=\"edgtf-btn edgtf-btn-medium edgtf-btn-solid edgtf-btn-custom-hover-bg edgtf-btn-custom-border-hover edgtf-btn-custom-hover-color\" data-hover-bg-color=\"#ffffff\" data-hover-color=\"#4ec3ff\" data-hover-border-color=\"#4ec3ff\" >\n\t<span class=\"edgtf-btn-text\">Retourner aux membres<\/span>\n    <\/a>[\/vc_column][\/vc_row]<\/p>\n<\/div>","protected":false},"excerpt":{"rendered":"<p>[vc_row content_width=\u00a0\u00bbgrid\u00a0\u00bb css=\u00a0\u00bb.vc_custom_1600143770428{padding-top: 60px !important;padding-bottom: 60px !important;}\u00a0\u00bb][vc_column width=\u00a0\u00bb1\/4&Prime; css=\u00a0\u00bb.vc_custom_1600193123601{margin-bottom: 30px !important;}\u00a0\u00bb][vc_single_image image=\u00a0\u00bb475&Prime; img_size=\u00a0\u00bb800&#215;800&Prime;][\/vc_column][vc_column width=\u00a0\u00bb3\/4&Prime;][vc_column_text]Liane Belland, M.Sc., M.D., FRCSC, est une chirurgienne sp\u00e9cialis\u00e9e dans l\u2019endom\u00e9triose qui a exerc\u00e9 en tant que gyn\u00e9cologue g\u00e9n\u00e9raliste pendant 10 ans avant de poursuivre un entrainement specialise en laparoscopie avanc\u00e9e en&#8230;<\/p>\n","protected":false},"author":2,"featured_media":0,"parent":619,"menu_order":0,"comment_status":"closed","ping_status":"closed","template":"full-width.php","meta":{"footnotes":""},"class_list":["post-674","page","type-page","status-publish","hentry"],"yoast_head":"<!-- This site is optimized with the Yoast SEO plugin v27.4 - https:\/\/yoast.com\/product\/yoast-seo-wordpress\/ -->\n<title>Liane Belland - EndoAct<\/title>\n<meta name=\"robots\" content=\"index, follow, max-snippet:-1, max-image-preview:large, max-video-preview:-1\" \/>\n<link rel=\"canonical\" href=\"https:\/\/endoact.ca\/fr\/membres-benevoles\/liane-belland\/\" \/>\n<meta property=\"og:locale\" content=\"fr_FR\" \/>\n<meta property=\"og:type\" content=\"article\" \/>\n<meta property=\"og:title\" content=\"Liane Belland - EndoAct\" \/>\n<meta property=\"og:description\" content=\"[vc_row content_width=\u00a0\u00bbgrid\u00a0\u00bb css=\u00a0\u00bb.vc_custom_1600143770428{padding-top: 60px !important;padding-bottom: 60px !important;}\u00a0\u00bb][vc_column width=\u00a0\u00bb1\/4&Prime; css=\u00a0\u00bb.vc_custom_1600193123601{margin-bottom: 30px !important;}\u00a0\u00bb][vc_single_image image=\u00a0\u00bb475&Prime; img_size=\u00a0\u00bb800&#215;800&Prime;][\/vc_column][vc_column width=\u00a0\u00bb3\/4&Prime;][vc_column_text]Liane Belland, M.Sc., M.D., FRCSC, est une chirurgienne sp\u00e9cialis\u00e9e dans l\u2019endom\u00e9triose qui a exerc\u00e9 en tant que gyn\u00e9cologue g\u00e9n\u00e9raliste pendant 10 ans avant de poursuivre un entrainement specialise en laparoscopie avanc\u00e9e en...\" \/>\n<meta property=\"og:url\" content=\"https:\/\/endoact.ca\/fr\/membres-benevoles\/liane-belland\/\" \/>\n<meta property=\"og:site_name\" content=\"EndoAct\" \/>\n<meta property=\"article:modified_time\" content=\"2021-01-13T19:56:27+00:00\" \/>\n<meta property=\"og:image\" content=\"https:\/\/endoact.ca\/wp-content\/uploads\/2021\/01\/20025-EndoAct-Instagram-Single_prf01.png\" \/>\n\t<meta property=\"og:image:width\" content=\"1260\" \/>\n\t<meta property=\"og:image:height\" content=\"1260\" \/>\n\t<meta property=\"og:image:type\" content=\"image\/png\" \/>\n<meta name=\"twitter:card\" content=\"summary_large_image\" \/>\n<meta name=\"twitter:label1\" content=\"Dur\u00e9e de lecture estim\u00e9e\" \/>\n\t<meta name=\"twitter:data1\" content=\"2 minutes\" \/>\n<script type=\"application\/ld+json\" class=\"yoast-schema-graph\">{\"@context\":\"https:\\\/\\\/schema.org\",\"@graph\":[{\"@type\":\"WebPage\",\"@id\":\"https:\\\/\\\/endoact.ca\\\/fr\\\/membres-benevoles\\\/liane-belland\\\/\",\"url\":\"https:\\\/\\\/endoact.ca\\\/fr\\\/membres-benevoles\\\/liane-belland\\\/\",\"name\":\"Liane Belland - EndoAct\",\"isPartOf\":{\"@id\":\"https:\\\/\\\/endoact.ca\\\/fr\\\/#website\"},\"datePublished\":\"2020-09-26T19:47:12+00:00\",\"dateModified\":\"2021-01-13T19:56:27+00:00\",\"breadcrumb\":{\"@id\":\"https:\\\/\\\/endoact.ca\\\/fr\\\/membres-benevoles\\\/liane-belland\\\/#breadcrumb\"},\"inLanguage\":\"fr-FR\",\"potentialAction\":[{\"@type\":\"ReadAction\",\"target\":[\"https:\\\/\\\/endoact.ca\\\/fr\\\/membres-benevoles\\\/liane-belland\\\/\"]}]},{\"@type\":\"BreadcrumbList\",\"@id\":\"https:\\\/\\\/endoact.ca\\\/fr\\\/membres-benevoles\\\/liane-belland\\\/#breadcrumb\",\"itemListElement\":[{\"@type\":\"ListItem\",\"position\":1,\"name\":\"Home\",\"item\":\"https:\\\/\\\/endoact.ca\\\/fr\\\/\"},{\"@type\":\"ListItem\",\"position\":2,\"name\":\"Membres b\u00e9n\u00e9voles\",\"item\":\"https:\\\/\\\/endoact.ca\\\/fr\\\/membres-benevoles\\\/\"},{\"@type\":\"ListItem\",\"position\":3,\"name\":\"Liane Belland\"}]},{\"@type\":\"WebSite\",\"@id\":\"https:\\\/\\\/endoact.ca\\\/fr\\\/#website\",\"url\":\"https:\\\/\\\/endoact.ca\\\/fr\\\/\",\"name\":\"EndoAct\",\"description\":\"\",\"potentialAction\":[{\"@type\":\"SearchAction\",\"target\":{\"@type\":\"EntryPoint\",\"urlTemplate\":\"https:\\\/\\\/endoact.ca\\\/fr\\\/?s={search_term_string}\"},\"query-input\":{\"@type\":\"PropertyValueSpecification\",\"valueRequired\":true,\"valueName\":\"search_term_string\"}}],\"inLanguage\":\"fr-FR\"}]}<\/script>\n<!-- \/ Yoast SEO plugin. -->","yoast_head_json":{"title":"Liane Belland - EndoAct","robots":{"index":"index","follow":"follow","max-snippet":"max-snippet:-1","max-image-preview":"max-image-preview:large","max-video-preview":"max-video-preview:-1"},"canonical":"https:\/\/endoact.ca\/fr\/membres-benevoles\/liane-belland\/","og_locale":"fr_FR","og_type":"article","og_title":"Liane Belland - EndoAct","og_description":"[vc_row content_width=\u00a0\u00bbgrid\u00a0\u00bb css=\u00a0\u00bb.vc_custom_1600143770428{padding-top: 60px !important;padding-bottom: 60px !important;}\u00a0\u00bb][vc_column width=\u00a0\u00bb1\/4&Prime; css=\u00a0\u00bb.vc_custom_1600193123601{margin-bottom: 30px !important;}\u00a0\u00bb][vc_single_image image=\u00a0\u00bb475&Prime; img_size=\u00a0\u00bb800&#215;800&Prime;][\/vc_column][vc_column width=\u00a0\u00bb3\/4&Prime;][vc_column_text]Liane Belland, M.Sc., M.D., FRCSC, est une chirurgienne sp\u00e9cialis\u00e9e dans l\u2019endom\u00e9triose qui a exerc\u00e9 en tant que gyn\u00e9cologue g\u00e9n\u00e9raliste pendant 10 ans avant de poursuivre un entrainement specialise en laparoscopie avanc\u00e9e en...","og_url":"https:\/\/endoact.ca\/fr\/membres-benevoles\/liane-belland\/","og_site_name":"EndoAct","article_modified_time":"2021-01-13T19:56:27+00:00","og_image":[{"width":1260,"height":1260,"url":"https:\/\/endoact.ca\/wp-content\/uploads\/2021\/01\/20025-EndoAct-Instagram-Single_prf01.png","type":"image\/png"}],"twitter_card":"summary_large_image","twitter_misc":{"Dur\u00e9e de lecture estim\u00e9e":"2 minutes"},"schema":{"@context":"https:\/\/schema.org","@graph":[{"@type":"WebPage","@id":"https:\/\/endoact.ca\/fr\/membres-benevoles\/liane-belland\/","url":"https:\/\/endoact.ca\/fr\/membres-benevoles\/liane-belland\/","name":"Liane Belland - EndoAct","isPartOf":{"@id":"https:\/\/endoact.ca\/fr\/#website"},"datePublished":"2020-09-26T19:47:12+00:00","dateModified":"2021-01-13T19:56:27+00:00","breadcrumb":{"@id":"https:\/\/endoact.ca\/fr\/membres-benevoles\/liane-belland\/#breadcrumb"},"inLanguage":"fr-FR","potentialAction":[{"@type":"ReadAction","target":["https:\/\/endoact.ca\/fr\/membres-benevoles\/liane-belland\/"]}]},{"@type":"BreadcrumbList","@id":"https:\/\/endoact.ca\/fr\/membres-benevoles\/liane-belland\/#breadcrumb","itemListElement":[{"@type":"ListItem","position":1,"name":"Home","item":"https:\/\/endoact.ca\/fr\/"},{"@type":"ListItem","position":2,"name":"Membres b\u00e9n\u00e9voles","item":"https:\/\/endoact.ca\/fr\/membres-benevoles\/"},{"@type":"ListItem","position":3,"name":"Liane Belland"}]},{"@type":"WebSite","@id":"https:\/\/endoact.ca\/fr\/#website","url":"https:\/\/endoact.ca\/fr\/","name":"EndoAct","description":"","potentialAction":[{"@type":"SearchAction","target":{"@type":"EntryPoint","urlTemplate":"https:\/\/endoact.ca\/fr\/?s={search_term_string}"},"query-input":{"@type":"PropertyValueSpecification","valueRequired":true,"valueName":"search_term_string"}}],"inLanguage":"fr-FR"}]}},"_links":{"self":[{"href":"https:\/\/endoact.ca\/fr\/wp-json\/wp\/v2\/pages\/674","targetHints":{"allow":["GET"]}}],"collection":[{"href":"https:\/\/endoact.ca\/fr\/wp-json\/wp\/v2\/pages"}],"about":[{"href":"https:\/\/endoact.ca\/fr\/wp-json\/wp\/v2\/types\/page"}],"author":[{"embeddable":true,"href":"https:\/\/endoact.ca\/fr\/wp-json\/wp\/v2\/users\/2"}],"replies":[{"embeddable":true,"href":"https:\/\/endoact.ca\/fr\/wp-json\/wp\/v2\/comments?post=674"}],"version-history":[{"count":5,"href":"https:\/\/endoact.ca\/fr\/wp-json\/wp\/v2\/pages\/674\/revisions"}],"predecessor-version":[{"id":991,"href":"https:\/\/endoact.ca\/fr\/wp-json\/wp\/v2\/pages\/674\/revisions\/991"}],"up":[{"embeddable":true,"href":"https:\/\/endoact.ca\/fr\/wp-json\/wp\/v2\/pages\/619"}],"wp:attachment":[{"href":"https:\/\/endoact.ca\/fr\/wp-json\/wp\/v2\/media?parent=674"}],"curies":[{"name":"wp","href":"https:\/\/api.w.org\/{rel}","templated":true}]}}