{"id":682,"date":"2020-09-27T09:12:57","date_gmt":"2020-09-27T16:12:57","guid":{"rendered":"https:\/\/endoact.ca\/members\/marie-josee-thibert\/"},"modified":"2021-01-24T09:37:05","modified_gmt":"2021-01-24T17:37:05","slug":"marie-josee-thibert","status":"publish","type":"page","link":"https:\/\/endoact.ca\/fr\/membres-benevoles\/marie-josee-thibert\/","title":{"rendered":"Marie-Jos\u00e9e Thibert"},"content":{"rendered":"<div class=\"wpb-content-wrapper\"><p>[vc_row content_width=\u00a0\u00bbgrid\u00a0\u00bb css=\u00a0\u00bb.vc_custom_1600143770428{padding-top: 60px !important;padding-bottom: 60px !important;}\u00a0\u00bb][vc_column width=\u00a0\u00bb1\/4&Prime; css=\u00a0\u00bb.vc_custom_1600193123601{margin-bottom: 30px !important;}\u00a0\u00bb][vc_single_image image=\u00a0\u00bb479&Prime; img_size=\u00a0\u00bb800&#215;800&Prime;][\/vc_column][vc_column width=\u00a0\u00bb3\/4&Prime;][vc_column_text]Marie-Jos\u00e9e Thibert est sp\u00e9cialiste en communication pour le r\u00e9seau de la sant\u00e9 et des services sociaux de Montr\u00e9al depuis 2009. Atteinte d\u2019endom\u00e9triose, elle a d\u00fb attendre 11 longues ann\u00e9es (1992 \u00e0 2003) avant d\u2019\u00eatre diagnostiqu\u00e9e. Malheureusement, l\u2019endom\u00e9triose a eu des effets irr\u00e9versibles sur sa sant\u00e9, notamment sur sa sant\u00e9 reproductive. Apr\u00e8s des ann\u00e9es de recherche personnelle sur la maladie et un manque de sensibilisation, de ressources et de soutien au Qu\u00e9bec, elle a fond\u00e9 en 2015 Endom\u00e9triose Qu\u00e9bec : un portail d\u2019information, un mouvement de sensibilisation et une communaut\u00e9 de soutien pour les femmes atteintes d\u2019endom\u00e9triose. En plus de mettre en ligne le premier site francophone d\u00e9di\u00e9 \u00e0 l\u2019endom\u00e9triose au Canada, elle est \u00e0 l\u2019origine de l\u2019organisation des marches annuelles de sensibilisation qui ont lieu au Qu\u00e9bec. Elle a \u00e9galement mis sur pied plusieurs webinaires de sensibilisation des femmes et a particip\u00e9 \u00e0 la cr\u00e9ation de futurs ateliers de sensibilisation dans les \u00e9coles secondaires. Elle vient \u00e9galement de signer un contrat d\u2019\u00e9dition avec le Groupe Librex. La sortie d\u2019un livre, en fran\u00e7ais, pour les femmes atteintes d\u2019endom\u00e9triose et\/ou de fibrome ut\u00e9rin, co-\u00e9crit avec la fondatrice de Vivre 100 fibromes, est pr\u00e9vue pour ao\u00fbt 2021. Marie-Jos\u00e9e est membre d\u2019Endo-Act en tant que patiente francophone et fondatrice d\u2019Endom\u00e9triose Qu\u00e9bec. Elle apporte \u00e9galement son expertise en mati\u00e8re de communication. Marie-Jos\u00e9e veut plus que tout transformer les choses pour les g\u00e9n\u00e9rations futures et redonner aux femmes le pouvoir sur leur sant\u00e9 et sur leur vie!<\/p>\n<p>Mlle Thibert n&rsquo;a rien \u00e0 divulguer.[\/vc_column_text]<a itemprop=\"url\" href=\"https:\/\/endoact.ca\/fr\/membres-benevoles\/\" target=\"_self\" style=\"color: #ffffff;background-color: #4ec3ff;border-color: #4ec3ff;font-size: 15px;font-weight: 700;margin: 30px 0 0\" class=\"edgtf-btn edgtf-btn-medium edgtf-btn-solid edgtf-btn-custom-hover-bg edgtf-btn-custom-border-hover edgtf-btn-custom-hover-color\" data-hover-bg-color=\"#ffffff\" data-hover-color=\"#4ec3ff\" data-hover-border-color=\"#4ec3ff\" >\n\t<span class=\"edgtf-btn-text\">Retourner aux membres<\/span>\n    <\/a>[\/vc_column][\/vc_row]<\/p>\n<\/div>","protected":false},"excerpt":{"rendered":"<p>[vc_row content_width=\u00a0\u00bbgrid\u00a0\u00bb css=\u00a0\u00bb.vc_custom_1600143770428{padding-top: 60px !important;padding-bottom: 60px !important;}\u00a0\u00bb][vc_column width=\u00a0\u00bb1\/4&Prime; css=\u00a0\u00bb.vc_custom_1600193123601{margin-bottom: 30px !important;}\u00a0\u00bb][vc_single_image image=\u00a0\u00bb479&Prime; img_size=\u00a0\u00bb800&#215;800&Prime;][\/vc_column][vc_column width=\u00a0\u00bb3\/4&Prime;][vc_column_text]Marie-Jos\u00e9e Thibert est sp\u00e9cialiste en communication pour le r\u00e9seau de la sant\u00e9 et des services sociaux de Montr\u00e9al depuis 2009. Atteinte d\u2019endom\u00e9triose, elle a d\u00fb attendre 11 longues ann\u00e9es (1992 \u00e0 2003)&#8230;<\/p>\n","protected":false},"author":2,"featured_media":0,"parent":619,"menu_order":0,"comment_status":"closed","ping_status":"closed","template":"full-width.php","meta":{"footnotes":""},"class_list":["post-682","page","type-page","status-publish","hentry"],"yoast_head":"<!-- This site is optimized with the Yoast SEO plugin v27.5 - https:\/\/yoast.com\/product\/yoast-seo-wordpress\/ -->\n<title>Marie-Jos\u00e9e Thibert - EndoAct<\/title>\n<meta name=\"robots\" content=\"index, follow, max-snippet:-1, max-image-preview:large, max-video-preview:-1\" \/>\n<link rel=\"canonical\" href=\"https:\/\/endoact.ca\/fr\/membres-benevoles\/marie-josee-thibert\/\" \/>\n<meta property=\"og:locale\" content=\"fr_FR\" \/>\n<meta property=\"og:type\" content=\"article\" \/>\n<meta property=\"og:title\" content=\"Marie-Jos\u00e9e Thibert - EndoAct\" \/>\n<meta property=\"og:description\" content=\"[vc_row content_width=\u00a0\u00bbgrid\u00a0\u00bb css=\u00a0\u00bb.vc_custom_1600143770428{padding-top: 60px !important;padding-bottom: 60px !important;}\u00a0\u00bb][vc_column width=\u00a0\u00bb1\/4&Prime; css=\u00a0\u00bb.vc_custom_1600193123601{margin-bottom: 30px !important;}\u00a0\u00bb][vc_single_image image=\u00a0\u00bb479&Prime; img_size=\u00a0\u00bb800&#215;800&Prime;][\/vc_column][vc_column width=\u00a0\u00bb3\/4&Prime;][vc_column_text]Marie-Jos\u00e9e Thibert est sp\u00e9cialiste en communication pour le r\u00e9seau de la sant\u00e9 et des services sociaux de Montr\u00e9al depuis 2009. Atteinte d\u2019endom\u00e9triose, elle a d\u00fb attendre 11 longues ann\u00e9es (1992 \u00e0 2003)...\" \/>\n<meta property=\"og:url\" content=\"https:\/\/endoact.ca\/fr\/membres-benevoles\/marie-josee-thibert\/\" \/>\n<meta property=\"og:site_name\" content=\"EndoAct\" \/>\n<meta property=\"article:modified_time\" content=\"2021-01-24T17:37:05+00:00\" \/>\n<meta property=\"og:image\" content=\"https:\/\/endoact.ca\/wp-content\/uploads\/2021\/01\/20025-EndoAct-Instagram-Single_prf01.png\" \/>\n\t<meta property=\"og:image:width\" content=\"1260\" \/>\n\t<meta property=\"og:image:height\" content=\"1260\" \/>\n\t<meta property=\"og:image:type\" content=\"image\/png\" \/>\n<meta name=\"twitter:card\" content=\"summary_large_image\" \/>\n<meta name=\"twitter:label1\" content=\"Dur\u00e9e de lecture estim\u00e9e\" \/>\n\t<meta name=\"twitter:data1\" content=\"2 minutes\" \/>\n<script type=\"application\/ld+json\" class=\"yoast-schema-graph\">{\"@context\":\"https:\\\/\\\/schema.org\",\"@graph\":[{\"@type\":\"WebPage\",\"@id\":\"https:\\\/\\\/endoact.ca\\\/fr\\\/membres-benevoles\\\/marie-josee-thibert\\\/\",\"url\":\"https:\\\/\\\/endoact.ca\\\/fr\\\/membres-benevoles\\\/marie-josee-thibert\\\/\",\"name\":\"Marie-Jos\u00e9e Thibert - EndoAct\",\"isPartOf\":{\"@id\":\"https:\\\/\\\/endoact.ca\\\/fr\\\/#website\"},\"datePublished\":\"2020-09-27T16:12:57+00:00\",\"dateModified\":\"2021-01-24T17:37:05+00:00\",\"breadcrumb\":{\"@id\":\"https:\\\/\\\/endoact.ca\\\/fr\\\/membres-benevoles\\\/marie-josee-thibert\\\/#breadcrumb\"},\"inLanguage\":\"fr-FR\",\"potentialAction\":[{\"@type\":\"ReadAction\",\"target\":[\"https:\\\/\\\/endoact.ca\\\/fr\\\/membres-benevoles\\\/marie-josee-thibert\\\/\"]}]},{\"@type\":\"BreadcrumbList\",\"@id\":\"https:\\\/\\\/endoact.ca\\\/fr\\\/membres-benevoles\\\/marie-josee-thibert\\\/#breadcrumb\",\"itemListElement\":[{\"@type\":\"ListItem\",\"position\":1,\"name\":\"Home\",\"item\":\"https:\\\/\\\/endoact.ca\\\/fr\\\/\"},{\"@type\":\"ListItem\",\"position\":2,\"name\":\"Membres b\u00e9n\u00e9voles\",\"item\":\"https:\\\/\\\/endoact.ca\\\/fr\\\/membres-benevoles\\\/\"},{\"@type\":\"ListItem\",\"position\":3,\"name\":\"Marie-Jos\u00e9e Thibert\"}]},{\"@type\":\"WebSite\",\"@id\":\"https:\\\/\\\/endoact.ca\\\/fr\\\/#website\",\"url\":\"https:\\\/\\\/endoact.ca\\\/fr\\\/\",\"name\":\"EndoAct\",\"description\":\"\",\"potentialAction\":[{\"@type\":\"SearchAction\",\"target\":{\"@type\":\"EntryPoint\",\"urlTemplate\":\"https:\\\/\\\/endoact.ca\\\/fr\\\/?s={search_term_string}\"},\"query-input\":{\"@type\":\"PropertyValueSpecification\",\"valueRequired\":true,\"valueName\":\"search_term_string\"}}],\"inLanguage\":\"fr-FR\"}]}<\/script>\n<!-- \/ Yoast SEO plugin. -->","yoast_head_json":{"title":"Marie-Jos\u00e9e Thibert - EndoAct","robots":{"index":"index","follow":"follow","max-snippet":"max-snippet:-1","max-image-preview":"max-image-preview:large","max-video-preview":"max-video-preview:-1"},"canonical":"https:\/\/endoact.ca\/fr\/membres-benevoles\/marie-josee-thibert\/","og_locale":"fr_FR","og_type":"article","og_title":"Marie-Jos\u00e9e Thibert - EndoAct","og_description":"[vc_row content_width=\u00a0\u00bbgrid\u00a0\u00bb css=\u00a0\u00bb.vc_custom_1600143770428{padding-top: 60px !important;padding-bottom: 60px !important;}\u00a0\u00bb][vc_column width=\u00a0\u00bb1\/4&Prime; css=\u00a0\u00bb.vc_custom_1600193123601{margin-bottom: 30px !important;}\u00a0\u00bb][vc_single_image image=\u00a0\u00bb479&Prime; img_size=\u00a0\u00bb800&#215;800&Prime;][\/vc_column][vc_column width=\u00a0\u00bb3\/4&Prime;][vc_column_text]Marie-Jos\u00e9e Thibert est sp\u00e9cialiste en communication pour le r\u00e9seau de la sant\u00e9 et des services sociaux de Montr\u00e9al depuis 2009. Atteinte d\u2019endom\u00e9triose, elle a d\u00fb attendre 11 longues ann\u00e9es (1992 \u00e0 2003)...","og_url":"https:\/\/endoact.ca\/fr\/membres-benevoles\/marie-josee-thibert\/","og_site_name":"EndoAct","article_modified_time":"2021-01-24T17:37:05+00:00","og_image":[{"width":1260,"height":1260,"url":"https:\/\/endoact.ca\/wp-content\/uploads\/2021\/01\/20025-EndoAct-Instagram-Single_prf01.png","type":"image\/png"}],"twitter_card":"summary_large_image","twitter_misc":{"Dur\u00e9e de lecture estim\u00e9e":"2 minutes"},"schema":{"@context":"https:\/\/schema.org","@graph":[{"@type":"WebPage","@id":"https:\/\/endoact.ca\/fr\/membres-benevoles\/marie-josee-thibert\/","url":"https:\/\/endoact.ca\/fr\/membres-benevoles\/marie-josee-thibert\/","name":"Marie-Jos\u00e9e Thibert - EndoAct","isPartOf":{"@id":"https:\/\/endoact.ca\/fr\/#website"},"datePublished":"2020-09-27T16:12:57+00:00","dateModified":"2021-01-24T17:37:05+00:00","breadcrumb":{"@id":"https:\/\/endoact.ca\/fr\/membres-benevoles\/marie-josee-thibert\/#breadcrumb"},"inLanguage":"fr-FR","potentialAction":[{"@type":"ReadAction","target":["https:\/\/endoact.ca\/fr\/membres-benevoles\/marie-josee-thibert\/"]}]},{"@type":"BreadcrumbList","@id":"https:\/\/endoact.ca\/fr\/membres-benevoles\/marie-josee-thibert\/#breadcrumb","itemListElement":[{"@type":"ListItem","position":1,"name":"Home","item":"https:\/\/endoact.ca\/fr\/"},{"@type":"ListItem","position":2,"name":"Membres b\u00e9n\u00e9voles","item":"https:\/\/endoact.ca\/fr\/membres-benevoles\/"},{"@type":"ListItem","position":3,"name":"Marie-Jos\u00e9e Thibert"}]},{"@type":"WebSite","@id":"https:\/\/endoact.ca\/fr\/#website","url":"https:\/\/endoact.ca\/fr\/","name":"EndoAct","description":"","potentialAction":[{"@type":"SearchAction","target":{"@type":"EntryPoint","urlTemplate":"https:\/\/endoact.ca\/fr\/?s={search_term_string}"},"query-input":{"@type":"PropertyValueSpecification","valueRequired":true,"valueName":"search_term_string"}}],"inLanguage":"fr-FR"}]}},"_links":{"self":[{"href":"https:\/\/endoact.ca\/fr\/wp-json\/wp\/v2\/pages\/682","targetHints":{"allow":["GET"]}}],"collection":[{"href":"https:\/\/endoact.ca\/fr\/wp-json\/wp\/v2\/pages"}],"about":[{"href":"https:\/\/endoact.ca\/fr\/wp-json\/wp\/v2\/types\/page"}],"author":[{"embeddable":true,"href":"https:\/\/endoact.ca\/fr\/wp-json\/wp\/v2\/users\/2"}],"replies":[{"embeddable":true,"href":"https:\/\/endoact.ca\/fr\/wp-json\/wp\/v2\/comments?post=682"}],"version-history":[{"count":5,"href":"https:\/\/endoact.ca\/fr\/wp-json\/wp\/v2\/pages\/682\/revisions"}],"predecessor-version":[{"id":1241,"href":"https:\/\/endoact.ca\/fr\/wp-json\/wp\/v2\/pages\/682\/revisions\/1241"}],"up":[{"embeddable":true,"href":"https:\/\/endoact.ca\/fr\/wp-json\/wp\/v2\/pages\/619"}],"wp:attachment":[{"href":"https:\/\/endoact.ca\/fr\/wp-json\/wp\/v2\/media?parent=682"}],"curies":[{"name":"wp","href":"https:\/\/api.w.org\/{rel}","templated":true}]}}