{"id":698,"date":"2020-09-27T07:43:25","date_gmt":"2020-09-27T14:43:25","guid":{"rendered":"https:\/\/endoact.ca\/members\/philippa-bridge-cook\/"},"modified":"2021-01-24T09:51:01","modified_gmt":"2021-01-24T17:51:01","slug":"philippa-bridge-cook","status":"publish","type":"page","link":"https:\/\/endoact.ca\/fr\/membres-benevoles\/philippa-bridge-cook\/","title":{"rendered":"Philippa Bridge-Cook"},"content":{"rendered":"<div class=\"wpb-content-wrapper\"><p>[vc_row content_width=\u00a0\u00bbgrid\u00a0\u00bb css=\u00a0\u00bb.vc_custom_1600143770428{padding-top: 60px !important;padding-bottom: 60px !important;}\u00a0\u00bb][vc_column width=\u00a0\u00bb1\/4&Prime; css=\u00a0\u00bb.vc_custom_1600193123601{margin-bottom: 30px !important;}\u00a0\u00bb][vc_single_image image=\u00a0\u00bb1236&Prime; img_size=\u00a0\u00bb800&#215;800&Prime;][\/vc_column][vc_column width=\u00a0\u00bb3\/4&Prime;][vc_column_text]Philippa Bridge-Cook, PhD, est conseill\u00e8re et consultante scientifique, r\u00e9dactrice m\u00e9dicale et pr\u00e9sidente du conseil d\u2019administration de The Endometriosis Network Canada, la seule organisation charitable enregistr\u00e9e pour les patients atteints d\u2019endom\u00e9triose au Canada. Elle estime que, pour diverses raisons, l\u2019endom\u00e9triose a longtemps \u00e9t\u00e9 une maladie n\u00e9glig\u00e9e en termes de financement, de recherche et de qualit\u00e9 des soins, et qu\u2019il est temps que l\u2019endom\u00e9triose re\u00e7oive le m\u00eame type de financement et de priorit\u00e9 que les autres maladies ayant un impact similaire depuis des d\u00e9cennies. La Docteure Bridge-Cook souffre d\u2019endom\u00e9triose depuis l\u2019\u00e2ge de 13 ans, bien que cette maladie n\u2019ait \u00e9t\u00e9 diagnostiqu\u00e9e qu\u2019\u00e0 l\u2019\u00e2ge de 34 ans. En tant que membre fondateur, ancienne directrice g\u00e9n\u00e9rale et actuelle pr\u00e9sidente du conseil d\u2019administration du R\u00e9seau canadien de l\u2019endom\u00e9triose, Philippa a consacr\u00e9 d\u2019innombrables heures \u00e0 aider les personnes atteintes d\u2019endom\u00e9triose \u00e0 recevoir des informations pr\u00e9cises, du soutien, une communaut\u00e9 et de meilleurs soins pour leur maladie. En tant que r\u00e9dactrice m\u00e9dicale et consultante scientifique, la Docteure Bridge-Cook a particip\u00e9 \u00e0 de nombreux conseils consultatifs m\u00e9dicaux et \u00e0 l\u2019\u00e9laboration de nouvelles directives en mati\u00e8re de normes de soins, une exp\u00e9rience qu\u2019elle estime pr\u00e9cieuse puisqu\u2019elle apporte son expertise en tant que copr\u00e9sidente d\u2019EndoAct Canada.<\/p>\n<p>Dre Bridge-Cook n&rsquo;a rien \u00e0 divulguer.[\/vc_column_text]<a itemprop=\"url\" href=\"https:\/\/endoact.ca\/fr\/membres-benevoles\/\" target=\"_self\" style=\"color: #ffffff;background-color: #4ec3ff;border-color: #4ec3ff;font-size: 15px;font-weight: 700;margin: 30px 0 0\" class=\"edgtf-btn edgtf-btn-medium edgtf-btn-solid edgtf-btn-custom-hover-bg edgtf-btn-custom-border-hover edgtf-btn-custom-hover-color\" data-hover-bg-color=\"#ffffff\" data-hover-color=\"#4ec3ff\" data-hover-border-color=\"#4ec3ff\" >\n\t<span class=\"edgtf-btn-text\">Retourner aux membres<\/span>\n    <\/a>[\/vc_column][\/vc_row]<\/p>\n<\/div>","protected":false},"excerpt":{"rendered":"<p>[vc_row content_width=\u00a0\u00bbgrid\u00a0\u00bb css=\u00a0\u00bb.vc_custom_1600143770428{padding-top: 60px !important;padding-bottom: 60px !important;}\u00a0\u00bb][vc_column width=\u00a0\u00bb1\/4&Prime; css=\u00a0\u00bb.vc_custom_1600193123601{margin-bottom: 30px !important;}\u00a0\u00bb][vc_single_image image=\u00a0\u00bb1236&Prime; img_size=\u00a0\u00bb800&#215;800&Prime;][\/vc_column][vc_column width=\u00a0\u00bb3\/4&Prime;][vc_column_text]Philippa Bridge-Cook, PhD, est conseill\u00e8re et consultante scientifique, r\u00e9dactrice m\u00e9dicale et pr\u00e9sidente du conseil d\u2019administration de The Endometriosis Network Canada, la seule organisation charitable enregistr\u00e9e pour les patients atteints d\u2019endom\u00e9triose au Canada&#8230;.<\/p>\n","protected":false},"author":2,"featured_media":0,"parent":619,"menu_order":0,"comment_status":"closed","ping_status":"closed","template":"full-width.php","meta":{"footnotes":""},"class_list":["post-698","page","type-page","status-publish","hentry"],"yoast_head":"<!-- This site is optimized with the Yoast SEO plugin v27.4 - https:\/\/yoast.com\/product\/yoast-seo-wordpress\/ -->\n<title>Philippa Bridge-Cook - EndoAct<\/title>\n<meta name=\"robots\" content=\"index, follow, max-snippet:-1, max-image-preview:large, max-video-preview:-1\" \/>\n<link rel=\"canonical\" href=\"https:\/\/endoact.ca\/fr\/membres-benevoles\/philippa-bridge-cook\/\" \/>\n<meta property=\"og:locale\" content=\"fr_FR\" \/>\n<meta property=\"og:type\" content=\"article\" \/>\n<meta property=\"og:title\" content=\"Philippa Bridge-Cook - EndoAct\" \/>\n<meta property=\"og:description\" content=\"[vc_row content_width=\u00a0\u00bbgrid\u00a0\u00bb css=\u00a0\u00bb.vc_custom_1600143770428{padding-top: 60px !important;padding-bottom: 60px !important;}\u00a0\u00bb][vc_column width=\u00a0\u00bb1\/4&Prime; css=\u00a0\u00bb.vc_custom_1600193123601{margin-bottom: 30px !important;}\u00a0\u00bb][vc_single_image image=\u00a0\u00bb1236&Prime; img_size=\u00a0\u00bb800&#215;800&Prime;][\/vc_column][vc_column width=\u00a0\u00bb3\/4&Prime;][vc_column_text]Philippa Bridge-Cook, PhD, est conseill\u00e8re et consultante scientifique, r\u00e9dactrice m\u00e9dicale et pr\u00e9sidente du conseil d\u2019administration de The Endometriosis Network Canada, la seule organisation charitable enregistr\u00e9e pour les patients atteints d\u2019endom\u00e9triose au Canada....\" \/>\n<meta property=\"og:url\" content=\"https:\/\/endoact.ca\/fr\/membres-benevoles\/philippa-bridge-cook\/\" \/>\n<meta property=\"og:site_name\" content=\"EndoAct\" \/>\n<meta property=\"article:modified_time\" content=\"2021-01-24T17:51:01+00:00\" \/>\n<meta property=\"og:image\" content=\"https:\/\/endoact.ca\/wp-content\/uploads\/2021\/01\/20025-EndoAct-Instagram-Single_prf01.png\" \/>\n\t<meta property=\"og:image:width\" content=\"1260\" \/>\n\t<meta property=\"og:image:height\" content=\"1260\" \/>\n\t<meta property=\"og:image:type\" content=\"image\/png\" \/>\n<meta name=\"twitter:card\" content=\"summary_large_image\" \/>\n<meta name=\"twitter:label1\" content=\"Dur\u00e9e de lecture estim\u00e9e\" \/>\n\t<meta name=\"twitter:data1\" content=\"2 minutes\" \/>\n<script type=\"application\/ld+json\" class=\"yoast-schema-graph\">{\"@context\":\"https:\\\/\\\/schema.org\",\"@graph\":[{\"@type\":\"WebPage\",\"@id\":\"https:\\\/\\\/endoact.ca\\\/fr\\\/membres-benevoles\\\/philippa-bridge-cook\\\/\",\"url\":\"https:\\\/\\\/endoact.ca\\\/fr\\\/membres-benevoles\\\/philippa-bridge-cook\\\/\",\"name\":\"Philippa Bridge-Cook - EndoAct\",\"isPartOf\":{\"@id\":\"https:\\\/\\\/endoact.ca\\\/fr\\\/#website\"},\"datePublished\":\"2020-09-27T14:43:25+00:00\",\"dateModified\":\"2021-01-24T17:51:01+00:00\",\"breadcrumb\":{\"@id\":\"https:\\\/\\\/endoact.ca\\\/fr\\\/membres-benevoles\\\/philippa-bridge-cook\\\/#breadcrumb\"},\"inLanguage\":\"fr-FR\",\"potentialAction\":[{\"@type\":\"ReadAction\",\"target\":[\"https:\\\/\\\/endoact.ca\\\/fr\\\/membres-benevoles\\\/philippa-bridge-cook\\\/\"]}]},{\"@type\":\"BreadcrumbList\",\"@id\":\"https:\\\/\\\/endoact.ca\\\/fr\\\/membres-benevoles\\\/philippa-bridge-cook\\\/#breadcrumb\",\"itemListElement\":[{\"@type\":\"ListItem\",\"position\":1,\"name\":\"Home\",\"item\":\"https:\\\/\\\/endoact.ca\\\/fr\\\/\"},{\"@type\":\"ListItem\",\"position\":2,\"name\":\"Membres b\u00e9n\u00e9voles\",\"item\":\"https:\\\/\\\/endoact.ca\\\/fr\\\/membres-benevoles\\\/\"},{\"@type\":\"ListItem\",\"position\":3,\"name\":\"Philippa Bridge-Cook\"}]},{\"@type\":\"WebSite\",\"@id\":\"https:\\\/\\\/endoact.ca\\\/fr\\\/#website\",\"url\":\"https:\\\/\\\/endoact.ca\\\/fr\\\/\",\"name\":\"EndoAct\",\"description\":\"\",\"potentialAction\":[{\"@type\":\"SearchAction\",\"target\":{\"@type\":\"EntryPoint\",\"urlTemplate\":\"https:\\\/\\\/endoact.ca\\\/fr\\\/?s={search_term_string}\"},\"query-input\":{\"@type\":\"PropertyValueSpecification\",\"valueRequired\":true,\"valueName\":\"search_term_string\"}}],\"inLanguage\":\"fr-FR\"}]}<\/script>\n<!-- \/ Yoast SEO plugin. -->","yoast_head_json":{"title":"Philippa Bridge-Cook - EndoAct","robots":{"index":"index","follow":"follow","max-snippet":"max-snippet:-1","max-image-preview":"max-image-preview:large","max-video-preview":"max-video-preview:-1"},"canonical":"https:\/\/endoact.ca\/fr\/membres-benevoles\/philippa-bridge-cook\/","og_locale":"fr_FR","og_type":"article","og_title":"Philippa Bridge-Cook - EndoAct","og_description":"[vc_row content_width=\u00a0\u00bbgrid\u00a0\u00bb css=\u00a0\u00bb.vc_custom_1600143770428{padding-top: 60px !important;padding-bottom: 60px !important;}\u00a0\u00bb][vc_column width=\u00a0\u00bb1\/4&Prime; css=\u00a0\u00bb.vc_custom_1600193123601{margin-bottom: 30px !important;}\u00a0\u00bb][vc_single_image image=\u00a0\u00bb1236&Prime; img_size=\u00a0\u00bb800&#215;800&Prime;][\/vc_column][vc_column width=\u00a0\u00bb3\/4&Prime;][vc_column_text]Philippa Bridge-Cook, PhD, est conseill\u00e8re et consultante scientifique, r\u00e9dactrice m\u00e9dicale et pr\u00e9sidente du conseil d\u2019administration de The Endometriosis Network Canada, la seule organisation charitable enregistr\u00e9e pour les patients atteints d\u2019endom\u00e9triose au Canada....","og_url":"https:\/\/endoact.ca\/fr\/membres-benevoles\/philippa-bridge-cook\/","og_site_name":"EndoAct","article_modified_time":"2021-01-24T17:51:01+00:00","og_image":[{"width":1260,"height":1260,"url":"https:\/\/endoact.ca\/wp-content\/uploads\/2021\/01\/20025-EndoAct-Instagram-Single_prf01.png","type":"image\/png"}],"twitter_card":"summary_large_image","twitter_misc":{"Dur\u00e9e de lecture estim\u00e9e":"2 minutes"},"schema":{"@context":"https:\/\/schema.org","@graph":[{"@type":"WebPage","@id":"https:\/\/endoact.ca\/fr\/membres-benevoles\/philippa-bridge-cook\/","url":"https:\/\/endoact.ca\/fr\/membres-benevoles\/philippa-bridge-cook\/","name":"Philippa Bridge-Cook - EndoAct","isPartOf":{"@id":"https:\/\/endoact.ca\/fr\/#website"},"datePublished":"2020-09-27T14:43:25+00:00","dateModified":"2021-01-24T17:51:01+00:00","breadcrumb":{"@id":"https:\/\/endoact.ca\/fr\/membres-benevoles\/philippa-bridge-cook\/#breadcrumb"},"inLanguage":"fr-FR","potentialAction":[{"@type":"ReadAction","target":["https:\/\/endoact.ca\/fr\/membres-benevoles\/philippa-bridge-cook\/"]}]},{"@type":"BreadcrumbList","@id":"https:\/\/endoact.ca\/fr\/membres-benevoles\/philippa-bridge-cook\/#breadcrumb","itemListElement":[{"@type":"ListItem","position":1,"name":"Home","item":"https:\/\/endoact.ca\/fr\/"},{"@type":"ListItem","position":2,"name":"Membres b\u00e9n\u00e9voles","item":"https:\/\/endoact.ca\/fr\/membres-benevoles\/"},{"@type":"ListItem","position":3,"name":"Philippa Bridge-Cook"}]},{"@type":"WebSite","@id":"https:\/\/endoact.ca\/fr\/#website","url":"https:\/\/endoact.ca\/fr\/","name":"EndoAct","description":"","potentialAction":[{"@type":"SearchAction","target":{"@type":"EntryPoint","urlTemplate":"https:\/\/endoact.ca\/fr\/?s={search_term_string}"},"query-input":{"@type":"PropertyValueSpecification","valueRequired":true,"valueName":"search_term_string"}}],"inLanguage":"fr-FR"}]}},"_links":{"self":[{"href":"https:\/\/endoact.ca\/fr\/wp-json\/wp\/v2\/pages\/698","targetHints":{"allow":["GET"]}}],"collection":[{"href":"https:\/\/endoact.ca\/fr\/wp-json\/wp\/v2\/pages"}],"about":[{"href":"https:\/\/endoact.ca\/fr\/wp-json\/wp\/v2\/types\/page"}],"author":[{"embeddable":true,"href":"https:\/\/endoact.ca\/fr\/wp-json\/wp\/v2\/users\/2"}],"replies":[{"embeddable":true,"href":"https:\/\/endoact.ca\/fr\/wp-json\/wp\/v2\/comments?post=698"}],"version-history":[{"count":5,"href":"https:\/\/endoact.ca\/fr\/wp-json\/wp\/v2\/pages\/698\/revisions"}],"predecessor-version":[{"id":1246,"href":"https:\/\/endoact.ca\/fr\/wp-json\/wp\/v2\/pages\/698\/revisions\/1246"}],"up":[{"embeddable":true,"href":"https:\/\/endoact.ca\/fr\/wp-json\/wp\/v2\/pages\/619"}],"wp:attachment":[{"href":"https:\/\/endoact.ca\/fr\/wp-json\/wp\/v2\/media?parent=698"}],"curies":[{"name":"wp","href":"https:\/\/api.w.org\/{rel}","templated":true}]}}