{"id":706,"date":"2020-09-27T09:10:58","date_gmt":"2020-09-27T16:10:58","guid":{"rendered":"https:\/\/endoact.ca\/members\/sukhbir-sony-singh\/"},"modified":"2021-01-13T12:12:19","modified_gmt":"2021-01-13T20:12:19","slug":"sukhbir-sony-singh","status":"publish","type":"page","link":"https:\/\/endoact.ca\/fr\/membres-benevoles\/sukhbir-sony-singh\/","title":{"rendered":"Sukhbir Sony Singh"},"content":{"rendered":"<div class=\"wpb-content-wrapper\"><p>[vc_row content_width=\u00a0\u00bbgrid\u00a0\u00bb css=\u00a0\u00bb.vc_custom_1600143770428{padding-top: 60px !important;padding-bottom: 60px !important;}\u00a0\u00bb][vc_column width=\u00a0\u00bb1\/4&Prime; css=\u00a0\u00bb.vc_custom_1600193123601{margin-bottom: 30px !important;}\u00a0\u00bb][vc_single_image image=\u00a0\u00bb491&Prime; img_size=\u00a0\u00bb800&#215;800&Prime;][\/vc_column][vc_column width=\u00a0\u00bb3\/4&Prime;][vc_column_text]Le docteur Sony Singh, MD, FRCSC, FACOG, est un chirurgien gyn\u00e9cologue qui a ax\u00e9 sa carri\u00e8re clinique et universitaire sur les soins aux personnes atteintes d\u2019endom\u00e9triose. Apr\u00e8s sa r\u00e9sidence en obst\u00e9trique-gyn\u00e9cologie \u00e0 l\u2019universit\u00e9 Western, il a fait deux autres programmes d\u2019entrainement en gyn\u00e9cologie minimalement invasive \u00e0 l\u2019universit\u00e9 de Toronto et \u00e0 l\u2019universit\u00e9 de Sydney en Australie.\u00a0 Il est maintenant professeur \u00e0 l\u2019universit\u00e9 d\u2019Ottawa et exerce \u00e0 plein temps \u00e0 l\u2019h\u00f4pital d\u2019Ottawa. En tant que responsable du groupe de recherche en gyn\u00e9cologie minimalement invasive d\u2019Ottawa, le docteur Singh a particip\u00e9 \u00e0 plusieurs essais cliniques internationaux tout en d\u00e9veloppant de nouvelles approches pour le diagnostic et le traitement de l\u2019endom\u00e9triose. Il a publi\u00e9 plus de 100 articles scientifiques \u00e9valu\u00e9s par des pairs et a pr\u00e9sent\u00e9 plus de 400 expos\u00e9s universitaires et \u00e9ducatifs dans le monde entier. Au cours des 15 derni\u00e8res ann\u00e9es, le docteur Singh a plaid\u00e9 en faveur d\u2019un meilleur acc\u00e8s et de meilleurs soins pour les personnes souffrant d\u2019endom\u00e9triose et de douleurs pelviennes. Au niveau local, il a contribu\u00e9 \u00e0 la mise en place d\u2019une \u00e9quipe d\u2019experts en imagerie, en chirurgie et en douleur pour assurer la prise en charge de soins complexes. Au niveau national et international, le Dr Singh a particip\u00e9 \u00e0 la sensibilisation \u00e0 la maladie, notamment en plaidant pour l\u2019excellence de l\u2019imagerie et des approches chirurgicales.<\/p>\n<p>Dr. Singh <span lang=\"FR-CA\"><span lang=\"FR-CA\">d\u00e9clare avoir re\u00e7u des subventions et\u00a0<\/span><\/span><span lang=\"FR-CA\">honoraires de Abbvie et Bayer, en dehors de son travail avec EndoAct Canada.<\/span><\/p>\n<div><span lang=\"FR-CA\">\u00a0<\/span><\/div>\n<p>[\/vc_column_text]<a itemprop=\"url\" href=\"https:\/\/endoact.ca\/fr\/membres-benevoles\/\" target=\"_self\" style=\"color: #ffffff;background-color: #4ec3ff;border-color: #4ec3ff;font-size: 15px;font-weight: 700;margin: 30px 0 0\" class=\"edgtf-btn edgtf-btn-medium edgtf-btn-solid edgtf-btn-custom-hover-bg edgtf-btn-custom-border-hover edgtf-btn-custom-hover-color\" data-hover-bg-color=\"#ffffff\" data-hover-color=\"#4ec3ff\" data-hover-border-color=\"#4ec3ff\" >\n\t<span class=\"edgtf-btn-text\">Retourner aux membres<\/span>\n    <\/a>[\/vc_column][\/vc_row]<\/p>\n<\/div>","protected":false},"excerpt":{"rendered":"<p>[vc_row content_width=\u00a0\u00bbgrid\u00a0\u00bb css=\u00a0\u00bb.vc_custom_1600143770428{padding-top: 60px !important;padding-bottom: 60px !important;}\u00a0\u00bb][vc_column width=\u00a0\u00bb1\/4&Prime; css=\u00a0\u00bb.vc_custom_1600193123601{margin-bottom: 30px !important;}\u00a0\u00bb][vc_single_image image=\u00a0\u00bb491&Prime; img_size=\u00a0\u00bb800&#215;800&Prime;][\/vc_column][vc_column width=\u00a0\u00bb3\/4&Prime;][vc_column_text]Le docteur Sony Singh, MD, FRCSC, FACOG, est un chirurgien gyn\u00e9cologue qui a ax\u00e9 sa carri\u00e8re clinique et universitaire sur les soins aux personnes atteintes d\u2019endom\u00e9triose. Apr\u00e8s sa r\u00e9sidence en obst\u00e9trique-gyn\u00e9cologie \u00e0&#8230;<\/p>\n","protected":false},"author":2,"featured_media":0,"parent":619,"menu_order":0,"comment_status":"closed","ping_status":"closed","template":"full-width.php","meta":{"footnotes":""},"class_list":["post-706","page","type-page","status-publish","hentry"],"yoast_head":"<!-- This site is optimized with the Yoast SEO plugin v27.5 - https:\/\/yoast.com\/product\/yoast-seo-wordpress\/ -->\n<title>Sukhbir Sony Singh - EndoAct<\/title>\n<meta name=\"robots\" content=\"index, follow, max-snippet:-1, max-image-preview:large, max-video-preview:-1\" \/>\n<link rel=\"canonical\" href=\"https:\/\/endoact.ca\/fr\/membres-benevoles\/sukhbir-sony-singh\/\" \/>\n<meta property=\"og:locale\" content=\"fr_FR\" \/>\n<meta property=\"og:type\" content=\"article\" \/>\n<meta property=\"og:title\" content=\"Sukhbir Sony Singh - EndoAct\" \/>\n<meta property=\"og:description\" content=\"[vc_row content_width=\u00a0\u00bbgrid\u00a0\u00bb css=\u00a0\u00bb.vc_custom_1600143770428{padding-top: 60px !important;padding-bottom: 60px !important;}\u00a0\u00bb][vc_column width=\u00a0\u00bb1\/4&Prime; css=\u00a0\u00bb.vc_custom_1600193123601{margin-bottom: 30px !important;}\u00a0\u00bb][vc_single_image image=\u00a0\u00bb491&Prime; img_size=\u00a0\u00bb800&#215;800&Prime;][\/vc_column][vc_column width=\u00a0\u00bb3\/4&Prime;][vc_column_text]Le docteur Sony Singh, MD, FRCSC, FACOG, est un chirurgien gyn\u00e9cologue qui a ax\u00e9 sa carri\u00e8re clinique et universitaire sur les soins aux personnes atteintes d\u2019endom\u00e9triose. Apr\u00e8s sa r\u00e9sidence en obst\u00e9trique-gyn\u00e9cologie \u00e0...\" \/>\n<meta property=\"og:url\" content=\"https:\/\/endoact.ca\/fr\/membres-benevoles\/sukhbir-sony-singh\/\" \/>\n<meta property=\"og:site_name\" content=\"EndoAct\" \/>\n<meta property=\"article:modified_time\" content=\"2021-01-13T20:12:19+00:00\" \/>\n<meta property=\"og:image\" content=\"https:\/\/endoact.ca\/wp-content\/uploads\/2021\/01\/20025-EndoAct-Instagram-Single_prf01.png\" \/>\n\t<meta property=\"og:image:width\" content=\"1260\" \/>\n\t<meta property=\"og:image:height\" content=\"1260\" \/>\n\t<meta property=\"og:image:type\" content=\"image\/png\" \/>\n<meta name=\"twitter:card\" content=\"summary_large_image\" \/>\n<meta name=\"twitter:label1\" content=\"Dur\u00e9e de lecture estim\u00e9e\" \/>\n\t<meta name=\"twitter:data1\" content=\"2 minutes\" \/>\n<script type=\"application\/ld+json\" class=\"yoast-schema-graph\">{\"@context\":\"https:\\\/\\\/schema.org\",\"@graph\":[{\"@type\":\"WebPage\",\"@id\":\"https:\\\/\\\/endoact.ca\\\/fr\\\/membres-benevoles\\\/sukhbir-sony-singh\\\/\",\"url\":\"https:\\\/\\\/endoact.ca\\\/fr\\\/membres-benevoles\\\/sukhbir-sony-singh\\\/\",\"name\":\"Sukhbir Sony Singh - EndoAct\",\"isPartOf\":{\"@id\":\"https:\\\/\\\/endoact.ca\\\/fr\\\/#website\"},\"datePublished\":\"2020-09-27T16:10:58+00:00\",\"dateModified\":\"2021-01-13T20:12:19+00:00\",\"breadcrumb\":{\"@id\":\"https:\\\/\\\/endoact.ca\\\/fr\\\/membres-benevoles\\\/sukhbir-sony-singh\\\/#breadcrumb\"},\"inLanguage\":\"fr-FR\",\"potentialAction\":[{\"@type\":\"ReadAction\",\"target\":[\"https:\\\/\\\/endoact.ca\\\/fr\\\/membres-benevoles\\\/sukhbir-sony-singh\\\/\"]}]},{\"@type\":\"BreadcrumbList\",\"@id\":\"https:\\\/\\\/endoact.ca\\\/fr\\\/membres-benevoles\\\/sukhbir-sony-singh\\\/#breadcrumb\",\"itemListElement\":[{\"@type\":\"ListItem\",\"position\":1,\"name\":\"Home\",\"item\":\"https:\\\/\\\/endoact.ca\\\/fr\\\/\"},{\"@type\":\"ListItem\",\"position\":2,\"name\":\"Membres b\u00e9n\u00e9voles\",\"item\":\"https:\\\/\\\/endoact.ca\\\/fr\\\/membres-benevoles\\\/\"},{\"@type\":\"ListItem\",\"position\":3,\"name\":\"Sukhbir Sony Singh\"}]},{\"@type\":\"WebSite\",\"@id\":\"https:\\\/\\\/endoact.ca\\\/fr\\\/#website\",\"url\":\"https:\\\/\\\/endoact.ca\\\/fr\\\/\",\"name\":\"EndoAct\",\"description\":\"\",\"potentialAction\":[{\"@type\":\"SearchAction\",\"target\":{\"@type\":\"EntryPoint\",\"urlTemplate\":\"https:\\\/\\\/endoact.ca\\\/fr\\\/?s={search_term_string}\"},\"query-input\":{\"@type\":\"PropertyValueSpecification\",\"valueRequired\":true,\"valueName\":\"search_term_string\"}}],\"inLanguage\":\"fr-FR\"}]}<\/script>\n<!-- \/ Yoast SEO plugin. -->","yoast_head_json":{"title":"Sukhbir Sony Singh - EndoAct","robots":{"index":"index","follow":"follow","max-snippet":"max-snippet:-1","max-image-preview":"max-image-preview:large","max-video-preview":"max-video-preview:-1"},"canonical":"https:\/\/endoact.ca\/fr\/membres-benevoles\/sukhbir-sony-singh\/","og_locale":"fr_FR","og_type":"article","og_title":"Sukhbir Sony Singh - EndoAct","og_description":"[vc_row content_width=\u00a0\u00bbgrid\u00a0\u00bb css=\u00a0\u00bb.vc_custom_1600143770428{padding-top: 60px !important;padding-bottom: 60px !important;}\u00a0\u00bb][vc_column width=\u00a0\u00bb1\/4&Prime; css=\u00a0\u00bb.vc_custom_1600193123601{margin-bottom: 30px !important;}\u00a0\u00bb][vc_single_image image=\u00a0\u00bb491&Prime; img_size=\u00a0\u00bb800&#215;800&Prime;][\/vc_column][vc_column width=\u00a0\u00bb3\/4&Prime;][vc_column_text]Le docteur Sony Singh, MD, FRCSC, FACOG, est un chirurgien gyn\u00e9cologue qui a ax\u00e9 sa carri\u00e8re clinique et universitaire sur les soins aux personnes atteintes d\u2019endom\u00e9triose. Apr\u00e8s sa r\u00e9sidence en obst\u00e9trique-gyn\u00e9cologie \u00e0...","og_url":"https:\/\/endoact.ca\/fr\/membres-benevoles\/sukhbir-sony-singh\/","og_site_name":"EndoAct","article_modified_time":"2021-01-13T20:12:19+00:00","og_image":[{"width":1260,"height":1260,"url":"https:\/\/endoact.ca\/wp-content\/uploads\/2021\/01\/20025-EndoAct-Instagram-Single_prf01.png","type":"image\/png"}],"twitter_card":"summary_large_image","twitter_misc":{"Dur\u00e9e de lecture estim\u00e9e":"2 minutes"},"schema":{"@context":"https:\/\/schema.org","@graph":[{"@type":"WebPage","@id":"https:\/\/endoact.ca\/fr\/membres-benevoles\/sukhbir-sony-singh\/","url":"https:\/\/endoact.ca\/fr\/membres-benevoles\/sukhbir-sony-singh\/","name":"Sukhbir Sony Singh - EndoAct","isPartOf":{"@id":"https:\/\/endoact.ca\/fr\/#website"},"datePublished":"2020-09-27T16:10:58+00:00","dateModified":"2021-01-13T20:12:19+00:00","breadcrumb":{"@id":"https:\/\/endoact.ca\/fr\/membres-benevoles\/sukhbir-sony-singh\/#breadcrumb"},"inLanguage":"fr-FR","potentialAction":[{"@type":"ReadAction","target":["https:\/\/endoact.ca\/fr\/membres-benevoles\/sukhbir-sony-singh\/"]}]},{"@type":"BreadcrumbList","@id":"https:\/\/endoact.ca\/fr\/membres-benevoles\/sukhbir-sony-singh\/#breadcrumb","itemListElement":[{"@type":"ListItem","position":1,"name":"Home","item":"https:\/\/endoact.ca\/fr\/"},{"@type":"ListItem","position":2,"name":"Membres b\u00e9n\u00e9voles","item":"https:\/\/endoact.ca\/fr\/membres-benevoles\/"},{"@type":"ListItem","position":3,"name":"Sukhbir Sony Singh"}]},{"@type":"WebSite","@id":"https:\/\/endoact.ca\/fr\/#website","url":"https:\/\/endoact.ca\/fr\/","name":"EndoAct","description":"","potentialAction":[{"@type":"SearchAction","target":{"@type":"EntryPoint","urlTemplate":"https:\/\/endoact.ca\/fr\/?s={search_term_string}"},"query-input":{"@type":"PropertyValueSpecification","valueRequired":true,"valueName":"search_term_string"}}],"inLanguage":"fr-FR"}]}},"_links":{"self":[{"href":"https:\/\/endoact.ca\/fr\/wp-json\/wp\/v2\/pages\/706","targetHints":{"allow":["GET"]}}],"collection":[{"href":"https:\/\/endoact.ca\/fr\/wp-json\/wp\/v2\/pages"}],"about":[{"href":"https:\/\/endoact.ca\/fr\/wp-json\/wp\/v2\/types\/page"}],"author":[{"embeddable":true,"href":"https:\/\/endoact.ca\/fr\/wp-json\/wp\/v2\/users\/2"}],"replies":[{"embeddable":true,"href":"https:\/\/endoact.ca\/fr\/wp-json\/wp\/v2\/comments?post=706"}],"version-history":[{"count":5,"href":"https:\/\/endoact.ca\/fr\/wp-json\/wp\/v2\/pages\/706\/revisions"}],"predecessor-version":[{"id":1009,"href":"https:\/\/endoact.ca\/fr\/wp-json\/wp\/v2\/pages\/706\/revisions\/1009"}],"up":[{"embeddable":true,"href":"https:\/\/endoact.ca\/fr\/wp-json\/wp\/v2\/pages\/619"}],"wp:attachment":[{"href":"https:\/\/endoact.ca\/fr\/wp-json\/wp\/v2\/media?parent=706"}],"curies":[{"name":"wp","href":"https:\/\/api.w.org\/{rel}","templated":true}]}}