{"id":714,"date":"2020-09-16T15:26:34","date_gmt":"2020-09-16T22:26:34","guid":{"rendered":"https:\/\/endoact.ca\/resources\/"},"modified":"2023-04-25T18:49:51","modified_gmt":"2023-04-26T01:49:51","slug":"ressources","status":"publish","type":"page","link":"https:\/\/endoact.ca\/fr\/ressources\/","title":{"rendered":"Ressources"},"content":{"rendered":"<div class=\"wpb-content-wrapper\"><p>[vc_row content_width=\u00a0\u00bbgrid\u00a0\u00bb css=\u00a0\u00bb.vc_custom_1600295127664{padding-top: 30px !important;padding-bottom: 60px !important;}\u00a0\u00bb][vc_column css=\u00a0\u00bb.vc_custom_1600295005099{margin-bottom: 30px !important;}\u00a0\u00bb][vc_column_text]<\/p>\n<h3>L&rsquo;endom\u00e9triose n&rsquo;est pas seulement un probl\u00e8me qui touche les Canadiens individuellement, c&rsquo;est un probl\u00e8me qui touche les familles, les communaut\u00e9s, les lieux de travail et la soci\u00e9t\u00e9 dans son ensemble. Les ressources ci-dessous peuvent vous aider \u00e0 agir, qui que vous soyez &#8211; un membre du public, un d\u00e9cideur, un journaliste ou toute autre personne qui pense qu&rsquo;il est temps d&rsquo;attirer l&rsquo;attention sur cette maladie.<\/h3>\n<p>[\/vc_column_text][\/vc_column][\/vc_row][vc_row content_width=\u00a0\u00bbgrid\u00a0\u00bb css=\u00a0\u00bb.vc_custom_1600295127664{padding-top: 30px !important;padding-bottom: 60px !important;}\u00a0\u00bb][vc_column width=\u00a0\u00bb1\/3&Prime; css=\u00a0\u00bb.vc_custom_1600295005099{margin-bottom: 30px !important;}\u00a0\u00bb][vc_column_text]<\/p>\n<h2><span lang=\"FR-CA\">Pour le public<\/span><\/h2>\n<p>[\/vc_column_text]<div class=\"edgtf-separator-holder clearfix  edgtf-separator-left\">\n\t<div class=\"edgtf-separator\" style=\"border-color: #ffc600;width: 30px;border-bottom-width: 3px;margin-top: 15px;margin-bottom: 30px\"><\/div>\n<\/div>\n<div class=\"edgtf-unordered-list  edgtf-square\" >\n<ul>\n<li><a href=\"https:\/\/endoact.ca\/fr\/trousse\/\">Trousse d\u2019outils #ACTIONSURLENDO<\/a><\/li>\n<\/ul>\n<\/div>[\/vc_column][vc_column width=\u00a0\u00bb1\/3&Prime; css=\u00a0\u00bb.vc_custom_1600295011983{margin-bottom: 30px !important;}\u00a0\u00bb][vc_column_text]<\/p>\n<h2><span lang=\"FR-CA\">Pour les d\u00e9cideurs\u00a0<\/span><\/h2>\n<p>[\/vc_column_text]<div class=\"edgtf-separator-holder clearfix  edgtf-separator-left\">\n\t<div class=\"edgtf-separator\" style=\"border-color: #ffc600;width: 30px;border-bottom-width: 3px;margin-top: 15px;margin-bottom: 30px\"><\/div>\n<\/div>\n<div class=\"edgtf-unordered-list  edgtf-square\" >\n<ul>\n<li><a href=\"https:\/\/endoact.ca\/wp-content\/uploads\/2023\/04\/DocumentsdereferenceFRF2023.pdf\">Documents de r\u00e9f\u00e9rence: L\u2019importance de prendre action sur l&rsquo;endom\u00e9triose au Canada<\/a><\/li>\n<li><a href=\"https:\/\/www.ourcommons.ca\/Content\/Committee\/441\/HESA\/Brief\/BR11924936\/br-external\/Jointly2-10674907-f.pdf\">M\u00e9moire pour le Comit\u00e9 permanent de la sant\u00e9 (\u00e9tude sur la sant\u00e9 des femmes) &#8211;\u00a0 11 octobre 2022<\/a><\/li>\n<\/ul>\n<\/div>[\/vc_column][vc_column width=\u00a0\u00bb1\/3&Prime; css=\u00a0\u00bb.vc_custom_1600295019055{margin-bottom: 30px !important;}\u00a0\u00bb][vc_column_text]<\/p>\n<h2>Pour les m\u00e9dias<\/h2>\n<p>[\/vc_column_text]<div class=\"edgtf-separator-holder clearfix  edgtf-separator-left\">\n\t<div class=\"edgtf-separator\" style=\"border-color: #ffc600;width: 30px;border-bottom-width: 3px;margin-top: 15px;margin-bottom: 30px\"><\/div>\n<\/div>\n<div class=\"edgtf-unordered-list  edgtf-square\" >\n<ul>\n<li><em>Bient\u00f4t disponible<\/em><\/li>\n<\/ul>\n<\/div>[\/vc_column][\/vc_row]<\/p>\n<\/div>","protected":false},"excerpt":{"rendered":"<p>[vc_row content_width=\u00a0\u00bbgrid\u00a0\u00bb css=\u00a0\u00bb.vc_custom_1600295127664{padding-top: 30px !important;padding-bottom: 60px !important;}\u00a0\u00bb][vc_column css=\u00a0\u00bb.vc_custom_1600295005099{margin-bottom: 30px !important;}\u00a0\u00bb][vc_column_text] L&rsquo;endom\u00e9triose n&rsquo;est pas seulement un probl\u00e8me qui touche les Canadiens individuellement, c&rsquo;est un probl\u00e8me qui touche les familles, les communaut\u00e9s, les lieux de travail et la soci\u00e9t\u00e9 dans son ensemble. Les ressources ci-dessous peuvent vous&#8230;<\/p>\n","protected":false},"author":1,"featured_media":0,"parent":0,"menu_order":0,"comment_status":"closed","ping_status":"closed","template":"full-width.php","meta":{"footnotes":""},"class_list":["post-714","page","type-page","status-publish","hentry"],"yoast_head":"<!-- This site is optimized with the Yoast SEO plugin v27.5 - https:\/\/yoast.com\/product\/yoast-seo-wordpress\/ -->\n<title>Ressources - EndoAct<\/title>\n<meta name=\"robots\" content=\"index, follow, max-snippet:-1, max-image-preview:large, max-video-preview:-1\" \/>\n<link rel=\"canonical\" href=\"https:\/\/endoact.ca\/fr\/ressources\/\" \/>\n<meta property=\"og:locale\" content=\"fr_FR\" \/>\n<meta property=\"og:type\" content=\"article\" \/>\n<meta property=\"og:title\" content=\"Ressources - EndoAct\" \/>\n<meta property=\"og:description\" content=\"[vc_row content_width=\u00a0\u00bbgrid\u00a0\u00bb css=\u00a0\u00bb.vc_custom_1600295127664{padding-top: 30px !important;padding-bottom: 60px !important;}\u00a0\u00bb][vc_column css=\u00a0\u00bb.vc_custom_1600295005099{margin-bottom: 30px !important;}\u00a0\u00bb][vc_column_text] L&rsquo;endom\u00e9triose n&rsquo;est pas seulement un probl\u00e8me qui touche les Canadiens individuellement, c&rsquo;est un probl\u00e8me qui touche les familles, les communaut\u00e9s, les lieux de travail et la soci\u00e9t\u00e9 dans son ensemble. Les ressources ci-dessous peuvent vous...\" \/>\n<meta property=\"og:url\" content=\"https:\/\/endoact.ca\/fr\/ressources\/\" \/>\n<meta property=\"og:site_name\" content=\"EndoAct\" \/>\n<meta property=\"article:modified_time\" content=\"2023-04-26T01:49:51+00:00\" \/>\n<meta property=\"og:image\" content=\"https:\/\/endoact.ca\/wp-content\/uploads\/2021\/01\/20025-EndoAct-Instagram-Single_prf01.png\" \/>\n\t<meta property=\"og:image:width\" content=\"1260\" \/>\n\t<meta property=\"og:image:height\" content=\"1260\" \/>\n\t<meta property=\"og:image:type\" content=\"image\/png\" \/>\n<meta name=\"twitter:card\" content=\"summary_large_image\" \/>\n<meta name=\"twitter:label1\" content=\"Dur\u00e9e de lecture estim\u00e9e\" \/>\n\t<meta name=\"twitter:data1\" content=\"1 minute\" \/>\n<script type=\"application\/ld+json\" class=\"yoast-schema-graph\">{\"@context\":\"https:\\\/\\\/schema.org\",\"@graph\":[{\"@type\":\"WebPage\",\"@id\":\"https:\\\/\\\/endoact.ca\\\/fr\\\/ressources\\\/\",\"url\":\"https:\\\/\\\/endoact.ca\\\/fr\\\/ressources\\\/\",\"name\":\"Ressources - EndoAct\",\"isPartOf\":{\"@id\":\"https:\\\/\\\/endoact.ca\\\/fr\\\/#website\"},\"datePublished\":\"2020-09-16T22:26:34+00:00\",\"dateModified\":\"2023-04-26T01:49:51+00:00\",\"breadcrumb\":{\"@id\":\"https:\\\/\\\/endoact.ca\\\/fr\\\/ressources\\\/#breadcrumb\"},\"inLanguage\":\"fr-FR\",\"potentialAction\":[{\"@type\":\"ReadAction\",\"target\":[\"https:\\\/\\\/endoact.ca\\\/fr\\\/ressources\\\/\"]}]},{\"@type\":\"BreadcrumbList\",\"@id\":\"https:\\\/\\\/endoact.ca\\\/fr\\\/ressources\\\/#breadcrumb\",\"itemListElement\":[{\"@type\":\"ListItem\",\"position\":1,\"name\":\"Home\",\"item\":\"https:\\\/\\\/endoact.ca\\\/fr\\\/\"},{\"@type\":\"ListItem\",\"position\":2,\"name\":\"Ressources\"}]},{\"@type\":\"WebSite\",\"@id\":\"https:\\\/\\\/endoact.ca\\\/fr\\\/#website\",\"url\":\"https:\\\/\\\/endoact.ca\\\/fr\\\/\",\"name\":\"EndoAct\",\"description\":\"\",\"potentialAction\":[{\"@type\":\"SearchAction\",\"target\":{\"@type\":\"EntryPoint\",\"urlTemplate\":\"https:\\\/\\\/endoact.ca\\\/fr\\\/?s={search_term_string}\"},\"query-input\":{\"@type\":\"PropertyValueSpecification\",\"valueRequired\":true,\"valueName\":\"search_term_string\"}}],\"inLanguage\":\"fr-FR\"}]}<\/script>\n<!-- \/ Yoast SEO plugin. -->","yoast_head_json":{"title":"Ressources - EndoAct","robots":{"index":"index","follow":"follow","max-snippet":"max-snippet:-1","max-image-preview":"max-image-preview:large","max-video-preview":"max-video-preview:-1"},"canonical":"https:\/\/endoact.ca\/fr\/ressources\/","og_locale":"fr_FR","og_type":"article","og_title":"Ressources - EndoAct","og_description":"[vc_row content_width=\u00a0\u00bbgrid\u00a0\u00bb css=\u00a0\u00bb.vc_custom_1600295127664{padding-top: 30px !important;padding-bottom: 60px !important;}\u00a0\u00bb][vc_column css=\u00a0\u00bb.vc_custom_1600295005099{margin-bottom: 30px !important;}\u00a0\u00bb][vc_column_text] L&rsquo;endom\u00e9triose n&rsquo;est pas seulement un probl\u00e8me qui touche les Canadiens individuellement, c&rsquo;est un probl\u00e8me qui touche les familles, les communaut\u00e9s, les lieux de travail et la soci\u00e9t\u00e9 dans son ensemble. Les ressources ci-dessous peuvent vous...","og_url":"https:\/\/endoact.ca\/fr\/ressources\/","og_site_name":"EndoAct","article_modified_time":"2023-04-26T01:49:51+00:00","og_image":[{"width":1260,"height":1260,"url":"https:\/\/endoact.ca\/wp-content\/uploads\/2021\/01\/20025-EndoAct-Instagram-Single_prf01.png","type":"image\/png"}],"twitter_card":"summary_large_image","twitter_misc":{"Dur\u00e9e de lecture estim\u00e9e":"1 minute"},"schema":{"@context":"https:\/\/schema.org","@graph":[{"@type":"WebPage","@id":"https:\/\/endoact.ca\/fr\/ressources\/","url":"https:\/\/endoact.ca\/fr\/ressources\/","name":"Ressources - EndoAct","isPartOf":{"@id":"https:\/\/endoact.ca\/fr\/#website"},"datePublished":"2020-09-16T22:26:34+00:00","dateModified":"2023-04-26T01:49:51+00:00","breadcrumb":{"@id":"https:\/\/endoact.ca\/fr\/ressources\/#breadcrumb"},"inLanguage":"fr-FR","potentialAction":[{"@type":"ReadAction","target":["https:\/\/endoact.ca\/fr\/ressources\/"]}]},{"@type":"BreadcrumbList","@id":"https:\/\/endoact.ca\/fr\/ressources\/#breadcrumb","itemListElement":[{"@type":"ListItem","position":1,"name":"Home","item":"https:\/\/endoact.ca\/fr\/"},{"@type":"ListItem","position":2,"name":"Ressources"}]},{"@type":"WebSite","@id":"https:\/\/endoact.ca\/fr\/#website","url":"https:\/\/endoact.ca\/fr\/","name":"EndoAct","description":"","potentialAction":[{"@type":"SearchAction","target":{"@type":"EntryPoint","urlTemplate":"https:\/\/endoact.ca\/fr\/?s={search_term_string}"},"query-input":{"@type":"PropertyValueSpecification","valueRequired":true,"valueName":"search_term_string"}}],"inLanguage":"fr-FR"}]}},"_links":{"self":[{"href":"https:\/\/endoact.ca\/fr\/wp-json\/wp\/v2\/pages\/714","targetHints":{"allow":["GET"]}}],"collection":[{"href":"https:\/\/endoact.ca\/fr\/wp-json\/wp\/v2\/pages"}],"about":[{"href":"https:\/\/endoact.ca\/fr\/wp-json\/wp\/v2\/types\/page"}],"author":[{"embeddable":true,"href":"https:\/\/endoact.ca\/fr\/wp-json\/wp\/v2\/users\/1"}],"replies":[{"embeddable":true,"href":"https:\/\/endoact.ca\/fr\/wp-json\/wp\/v2\/comments?post=714"}],"version-history":[{"count":4,"href":"https:\/\/endoact.ca\/fr\/wp-json\/wp\/v2\/pages\/714\/revisions"}],"predecessor-version":[{"id":2972,"href":"https:\/\/endoact.ca\/fr\/wp-json\/wp\/v2\/pages\/714\/revisions\/2972"}],"wp:attachment":[{"href":"https:\/\/endoact.ca\/fr\/wp-json\/wp\/v2\/media?parent=714"}],"curies":[{"name":"wp","href":"https:\/\/api.w.org\/{rel}","templated":true}]}}