{"id":803,"date":"2020-09-27T08:14:58","date_gmt":"2020-09-27T15:14:58","guid":{"rendered":"https:\/\/endoact.ca\/members\/jamie-kroft\/"},"modified":"2021-01-13T11:48:54","modified_gmt":"2021-01-13T19:48:54","slug":"jamie-kroft","status":"publish","type":"page","link":"https:\/\/endoact.ca\/fr\/membres-benevoles\/jamie-kroft\/","title":{"rendered":"Jamie Kroft"},"content":{"rendered":"<div class=\"wpb-content-wrapper\"><p>[vc_row content_width=\u00a0\u00bbgrid\u00a0\u00bb css=\u00a0\u00bb.vc_custom_1600143770428{padding-top: 60px !important;padding-bottom: 60px !important;}\u00a0\u00bb][vc_column width=\u00a0\u00bb1\/4&Prime; css=\u00a0\u00bb.vc_custom_1600193123601{margin-bottom: 30px !important;}\u00a0\u00bb][vc_single_image image=\u00a0\u00bb594&Prime; img_size=\u00a0\u00bb800&#215;800&Prime;][\/vc_column][vc_column width=\u00a0\u00bb3\/4&Prime;][vc_column_text]<\/p>\n<div><span lang=\"FR-CA\">Dre Jamie Kroft, MD, MSc, FRCSC, se sp\u00e9cialise en chirurgie minimalement invasive (CMI) et fait partie du corps professoral du programme de formation AAGL au Sunnybrook Health Sciences Centre \u00e0 Toronto. Elle se sp\u00e9cialise dans le traitement de l&rsquo;endom\u00e9triose et la r\u00e9section laparoscopique avanc\u00e9e au laser. Elle s\u2019implique aupr\u00e8s d\u2019EndoAct parce qu&rsquo;elle croit en l\u2019am\u00e9lioration du d\u00e9lai de diagnostic et en un traitement de qualit\u00e9 pour toutes les femmes atteintes d&rsquo;endom\u00e9triose au Canada. Dre Kroft a termin\u00e9 ses \u00e9tudes en m\u00e9decine ainsi que sa r\u00e9sidence en obst\u00e9trique et gyn\u00e9cologie \u00e0 l\u2019Universit\u00e9 de Toronto. Elle a \u00e9galement compl\u00e9t\u00e9 une ma\u00eetrise en \u00e9pid\u00e9miologie clinique \u00e0 l\u2019Universit\u00e9 McMaster. Elle est impliqu\u00e9e dans la recherche sur les r\u00e9sultats chirurgicaux et la simulation chirurgicale. Elle est \u00e9galement professeure adjointe \u00e0 l&rsquo;Universit\u00e9 de Toronto.<\/span><\/div>\n<div><\/div>\n<div><span lang=\"FR-CA\">Dre Kroft d\u00e9clare avoir re\u00e7u des honoraires de Abbvie, Allergan, Bayer, et Hologic, en dehors de son travail avec EndoAct Canada.<\/span><\/div>\n<div><span lang=\"FR-CA\">\u00a0<\/span><\/div>\n<p>[\/vc_column_text]<a itemprop=\"url\" href=\"https:\/\/endoact.ca\/fr\/membres-benevoles\/\" target=\"_self\" style=\"color: #ffffff;background-color: #4ec3ff;border-color: #4ec3ff;font-size: 15px;font-weight: 700;margin: 30px 0 0\" class=\"edgtf-btn edgtf-btn-medium edgtf-btn-solid edgtf-btn-custom-hover-bg edgtf-btn-custom-border-hover edgtf-btn-custom-hover-color\" data-hover-bg-color=\"#ffffff\" data-hover-color=\"#4ec3ff\" data-hover-border-color=\"#4ec3ff\" >\n\t<span class=\"edgtf-btn-text\">Retourner aux membres<\/span>\n    <\/a>[\/vc_column][\/vc_row]<\/p>\n<\/div>","protected":false},"excerpt":{"rendered":"<p>[vc_row content_width=\u00a0\u00bbgrid\u00a0\u00bb css=\u00a0\u00bb.vc_custom_1600143770428{padding-top: 60px !important;padding-bottom: 60px !important;}\u00a0\u00bb][vc_column width=\u00a0\u00bb1\/4&Prime; css=\u00a0\u00bb.vc_custom_1600193123601{margin-bottom: 30px !important;}\u00a0\u00bb][vc_single_image image=\u00a0\u00bb594&Prime; img_size=\u00a0\u00bb800&#215;800&Prime;][\/vc_column][vc_column width=\u00a0\u00bb3\/4&Prime;][vc_column_text] Dre Jamie Kroft, MD, MSc, FRCSC, se sp\u00e9cialise en chirurgie minimalement invasive (CMI) et fait partie du corps professoral du programme de formation AAGL au Sunnybrook Health Sciences Centre \u00e0 Toronto&#8230;.<\/p>\n","protected":false},"author":2,"featured_media":0,"parent":619,"menu_order":0,"comment_status":"closed","ping_status":"closed","template":"full-width.php","meta":{"footnotes":""},"class_list":["post-803","page","type-page","status-publish","hentry"],"yoast_head":"<!-- This site is optimized with the Yoast SEO plugin v27.5 - https:\/\/yoast.com\/product\/yoast-seo-wordpress\/ -->\n<title>Jamie Kroft - EndoAct<\/title>\n<meta name=\"robots\" content=\"index, follow, max-snippet:-1, max-image-preview:large, max-video-preview:-1\" \/>\n<link rel=\"canonical\" href=\"https:\/\/endoact.ca\/fr\/membres-benevoles\/jamie-kroft\/\" \/>\n<meta property=\"og:locale\" content=\"fr_FR\" \/>\n<meta property=\"og:type\" content=\"article\" \/>\n<meta property=\"og:title\" content=\"Jamie Kroft - EndoAct\" \/>\n<meta property=\"og:description\" content=\"[vc_row content_width=\u00a0\u00bbgrid\u00a0\u00bb css=\u00a0\u00bb.vc_custom_1600143770428{padding-top: 60px !important;padding-bottom: 60px !important;}\u00a0\u00bb][vc_column width=\u00a0\u00bb1\/4&Prime; css=\u00a0\u00bb.vc_custom_1600193123601{margin-bottom: 30px !important;}\u00a0\u00bb][vc_single_image image=\u00a0\u00bb594&Prime; img_size=\u00a0\u00bb800&#215;800&Prime;][\/vc_column][vc_column width=\u00a0\u00bb3\/4&Prime;][vc_column_text] Dre Jamie Kroft, MD, MSc, FRCSC, se sp\u00e9cialise en chirurgie minimalement invasive (CMI) et fait partie du corps professoral du programme de formation AAGL au Sunnybrook Health Sciences Centre \u00e0 Toronto....\" \/>\n<meta property=\"og:url\" content=\"https:\/\/endoact.ca\/fr\/membres-benevoles\/jamie-kroft\/\" \/>\n<meta property=\"og:site_name\" content=\"EndoAct\" \/>\n<meta property=\"article:modified_time\" content=\"2021-01-13T19:48:54+00:00\" \/>\n<meta property=\"og:image\" content=\"https:\/\/endoact.ca\/wp-content\/uploads\/2021\/01\/20025-EndoAct-Instagram-Single_prf01.png\" \/>\n\t<meta property=\"og:image:width\" content=\"1260\" \/>\n\t<meta property=\"og:image:height\" content=\"1260\" \/>\n\t<meta property=\"og:image:type\" content=\"image\/png\" \/>\n<meta name=\"twitter:card\" content=\"summary_large_image\" \/>\n<meta name=\"twitter:label1\" content=\"Dur\u00e9e de lecture estim\u00e9e\" \/>\n\t<meta name=\"twitter:data1\" content=\"1 minute\" \/>\n<script type=\"application\/ld+json\" class=\"yoast-schema-graph\">{\"@context\":\"https:\\\/\\\/schema.org\",\"@graph\":[{\"@type\":\"WebPage\",\"@id\":\"https:\\\/\\\/endoact.ca\\\/fr\\\/membres-benevoles\\\/jamie-kroft\\\/\",\"url\":\"https:\\\/\\\/endoact.ca\\\/fr\\\/membres-benevoles\\\/jamie-kroft\\\/\",\"name\":\"Jamie Kroft - EndoAct\",\"isPartOf\":{\"@id\":\"https:\\\/\\\/endoact.ca\\\/fr\\\/#website\"},\"datePublished\":\"2020-09-27T15:14:58+00:00\",\"dateModified\":\"2021-01-13T19:48:54+00:00\",\"breadcrumb\":{\"@id\":\"https:\\\/\\\/endoact.ca\\\/fr\\\/membres-benevoles\\\/jamie-kroft\\\/#breadcrumb\"},\"inLanguage\":\"fr-FR\",\"potentialAction\":[{\"@type\":\"ReadAction\",\"target\":[\"https:\\\/\\\/endoact.ca\\\/fr\\\/membres-benevoles\\\/jamie-kroft\\\/\"]}]},{\"@type\":\"BreadcrumbList\",\"@id\":\"https:\\\/\\\/endoact.ca\\\/fr\\\/membres-benevoles\\\/jamie-kroft\\\/#breadcrumb\",\"itemListElement\":[{\"@type\":\"ListItem\",\"position\":1,\"name\":\"Home\",\"item\":\"https:\\\/\\\/endoact.ca\\\/fr\\\/\"},{\"@type\":\"ListItem\",\"position\":2,\"name\":\"Membres b\u00e9n\u00e9voles\",\"item\":\"https:\\\/\\\/endoact.ca\\\/fr\\\/membres-benevoles\\\/\"},{\"@type\":\"ListItem\",\"position\":3,\"name\":\"Jamie Kroft\"}]},{\"@type\":\"WebSite\",\"@id\":\"https:\\\/\\\/endoact.ca\\\/fr\\\/#website\",\"url\":\"https:\\\/\\\/endoact.ca\\\/fr\\\/\",\"name\":\"EndoAct\",\"description\":\"\",\"potentialAction\":[{\"@type\":\"SearchAction\",\"target\":{\"@type\":\"EntryPoint\",\"urlTemplate\":\"https:\\\/\\\/endoact.ca\\\/fr\\\/?s={search_term_string}\"},\"query-input\":{\"@type\":\"PropertyValueSpecification\",\"valueRequired\":true,\"valueName\":\"search_term_string\"}}],\"inLanguage\":\"fr-FR\"}]}<\/script>\n<!-- \/ Yoast SEO plugin. -->","yoast_head_json":{"title":"Jamie Kroft - EndoAct","robots":{"index":"index","follow":"follow","max-snippet":"max-snippet:-1","max-image-preview":"max-image-preview:large","max-video-preview":"max-video-preview:-1"},"canonical":"https:\/\/endoact.ca\/fr\/membres-benevoles\/jamie-kroft\/","og_locale":"fr_FR","og_type":"article","og_title":"Jamie Kroft - EndoAct","og_description":"[vc_row content_width=\u00a0\u00bbgrid\u00a0\u00bb css=\u00a0\u00bb.vc_custom_1600143770428{padding-top: 60px !important;padding-bottom: 60px !important;}\u00a0\u00bb][vc_column width=\u00a0\u00bb1\/4&Prime; css=\u00a0\u00bb.vc_custom_1600193123601{margin-bottom: 30px !important;}\u00a0\u00bb][vc_single_image image=\u00a0\u00bb594&Prime; img_size=\u00a0\u00bb800&#215;800&Prime;][\/vc_column][vc_column width=\u00a0\u00bb3\/4&Prime;][vc_column_text] Dre Jamie Kroft, MD, MSc, FRCSC, se sp\u00e9cialise en chirurgie minimalement invasive (CMI) et fait partie du corps professoral du programme de formation AAGL au Sunnybrook Health Sciences Centre \u00e0 Toronto....","og_url":"https:\/\/endoact.ca\/fr\/membres-benevoles\/jamie-kroft\/","og_site_name":"EndoAct","article_modified_time":"2021-01-13T19:48:54+00:00","og_image":[{"width":1260,"height":1260,"url":"https:\/\/endoact.ca\/wp-content\/uploads\/2021\/01\/20025-EndoAct-Instagram-Single_prf01.png","type":"image\/png"}],"twitter_card":"summary_large_image","twitter_misc":{"Dur\u00e9e de lecture estim\u00e9e":"1 minute"},"schema":{"@context":"https:\/\/schema.org","@graph":[{"@type":"WebPage","@id":"https:\/\/endoact.ca\/fr\/membres-benevoles\/jamie-kroft\/","url":"https:\/\/endoact.ca\/fr\/membres-benevoles\/jamie-kroft\/","name":"Jamie Kroft - EndoAct","isPartOf":{"@id":"https:\/\/endoact.ca\/fr\/#website"},"datePublished":"2020-09-27T15:14:58+00:00","dateModified":"2021-01-13T19:48:54+00:00","breadcrumb":{"@id":"https:\/\/endoact.ca\/fr\/membres-benevoles\/jamie-kroft\/#breadcrumb"},"inLanguage":"fr-FR","potentialAction":[{"@type":"ReadAction","target":["https:\/\/endoact.ca\/fr\/membres-benevoles\/jamie-kroft\/"]}]},{"@type":"BreadcrumbList","@id":"https:\/\/endoact.ca\/fr\/membres-benevoles\/jamie-kroft\/#breadcrumb","itemListElement":[{"@type":"ListItem","position":1,"name":"Home","item":"https:\/\/endoact.ca\/fr\/"},{"@type":"ListItem","position":2,"name":"Membres b\u00e9n\u00e9voles","item":"https:\/\/endoact.ca\/fr\/membres-benevoles\/"},{"@type":"ListItem","position":3,"name":"Jamie Kroft"}]},{"@type":"WebSite","@id":"https:\/\/endoact.ca\/fr\/#website","url":"https:\/\/endoact.ca\/fr\/","name":"EndoAct","description":"","potentialAction":[{"@type":"SearchAction","target":{"@type":"EntryPoint","urlTemplate":"https:\/\/endoact.ca\/fr\/?s={search_term_string}"},"query-input":{"@type":"PropertyValueSpecification","valueRequired":true,"valueName":"search_term_string"}}],"inLanguage":"fr-FR"}]}},"_links":{"self":[{"href":"https:\/\/endoact.ca\/fr\/wp-json\/wp\/v2\/pages\/803","targetHints":{"allow":["GET"]}}],"collection":[{"href":"https:\/\/endoact.ca\/fr\/wp-json\/wp\/v2\/pages"}],"about":[{"href":"https:\/\/endoact.ca\/fr\/wp-json\/wp\/v2\/types\/page"}],"author":[{"embeddable":true,"href":"https:\/\/endoact.ca\/fr\/wp-json\/wp\/v2\/users\/2"}],"replies":[{"embeddable":true,"href":"https:\/\/endoact.ca\/fr\/wp-json\/wp\/v2\/comments?post=803"}],"version-history":[{"count":4,"href":"https:\/\/endoact.ca\/fr\/wp-json\/wp\/v2\/pages\/803\/revisions"}],"predecessor-version":[{"id":984,"href":"https:\/\/endoact.ca\/fr\/wp-json\/wp\/v2\/pages\/803\/revisions\/984"}],"up":[{"embeddable":true,"href":"https:\/\/endoact.ca\/fr\/wp-json\/wp\/v2\/pages\/619"}],"wp:attachment":[{"href":"https:\/\/endoact.ca\/fr\/wp-json\/wp\/v2\/media?parent=803"}],"curies":[{"name":"wp","href":"https:\/\/api.w.org\/{rel}","templated":true}]}}